{"id":4848,"date":"2024-12-31T20:06:31","date_gmt":"2024-12-31T20:06:31","guid":{"rendered":"https:\/\/storetest.ivi.ee\/product\/almond-flour-lubeca-200g\/"},"modified":"2026-03-11T12:10:54","modified_gmt":"2026-03-11T10:10:54","slug":"mandlijahu-lubeca-200g","status":"publish","type":"product","link":"https:\/\/candeebaar.ee\/et\/pood\/mandlijahu-lubeca-200g\/","title":{"rendered":"Mandlijahu Lubeca 200g"},"content":{"rendered":"<p>Kvaliteetne mandlijahu.<br \/>\nSobib suurep\u00e4raselt makaronide k\u00fcpsetamiseks ja muuks otstarbeks.<br \/>\nPakend: 200g<br \/>\nKoostisosad: magus <strong>mandel<br \/>\n<\/strong>Rasvasisaldus: 55%<br \/>\nNiiskusesisaldus kuni 5%<br \/>\nHoida \u00f5hukindlas anumas kuivas, pimedas kohas.<br \/>\nTootja: LUBECA Saksamaa<\/p>","protected":false},"excerpt":{"rendered":"<p>Kvaliteetne mandlijahu. Sobib suurep\u00e4raselt makaronide k\u00fcpsetamiseks ja muuks otstarbeks. Pakend: 200g Koostis: magus mandel Rasvasisaldus: 55% Niiskusesisaldus kuni 5% Hoida \u00f5hukindlas anumas kuivas, pimedas kohas. Tootja: LUBECA Saksamaa<\/p>","protected":false},"featured_media":4850,"template":"","meta":{"_seopress_robots_primary_cat":"none","_seopress_titles_title":"","_seopress_titles_desc":"","_seopress_robots_index":""},"product_brand":[],"product_cat":[15,101],"product_tag":[],"class_list":{"0":"post-4848","1":"product","2":"type-product","3":"status-publish","4":"has-post-thumbnail","6":"product_cat-all-products","7":"product_cat-nut-products","9":"first","10":"instock","11":"taxable","12":"shipping-taxable","13":"purchasable","14":"product-type-simple"},"_links":{"self":[{"href":"https:\/\/candeebaar.ee\/et\/wp-json\/wp\/v2\/product\/4848","targetHints":{"allow":["GET"]}}],"collection":[{"href":"https:\/\/candeebaar.ee\/et\/wp-json\/wp\/v2\/product"}],"about":[{"href":"https:\/\/candeebaar.ee\/et\/wp-json\/wp\/v2\/types\/product"}],"version-history":[{"count":1,"href":"https:\/\/candeebaar.ee\/et\/wp-json\/wp\/v2\/product\/4848\/revisions"}],"predecessor-version":[{"id":4849,"href":"https:\/\/candeebaar.ee\/et\/wp-json\/wp\/v2\/product\/4848\/revisions\/4849"}],"wp:featuredmedia":[{"embeddable":true,"href":"https:\/\/candeebaar.ee\/et\/wp-json\/wp\/v2\/media\/4850"}],"wp:attachment":[{"href":"https:\/\/candeebaar.ee\/et\/wp-json\/wp\/v2\/media?parent=4848"}],"wp:term":[{"taxonomy":"product_brand","embeddable":true,"href":"https:\/\/candeebaar.ee\/et\/wp-json\/wp\/v2\/product_brand?post=4848"},{"taxonomy":"product_cat","embeddable":true,"href":"https:\/\/candeebaar.ee\/et\/wp-json\/wp\/v2\/product_cat?post=4848"},{"taxonomy":"product_tag","embeddable":true,"href":"https:\/\/candeebaar.ee\/et\/wp-json\/wp\/v2\/product_tag?post=4848"}],"curies":[{"name":"t\u00f6\u00f6leht","href":"https:\/\/api.w.org\/{rel}","templated":true}]}}