{"id":4863,"date":"2024-12-31T20:06:31","date_gmt":"2024-12-31T20:06:31","guid":{"rendered":"https:\/\/storetest.ivi.ee\/product\/callebaut-823-milk-chocolate-33-6-400g\/"},"modified":"2025-05-06T09:12:04","modified_gmt":"2025-05-06T07:12:04","slug":"callebaut-823-piimasokolaad-33-6-400g","status":"publish","type":"product","link":"https:\/\/candeebaar.ee\/et\/pood\/callebaut-823-piimasokolaad-33-6-400g\/","title":{"rendered":"Callebaut 823 piima\u0161okolaad (33.6%) 400g"},"content":{"rendered":"<p>Tuntud \u0161okolaad. Omab k\u00f5rgeima kvaliteediga.<br \/>\nKaal: 400g<br \/>\nKoostisosad: suhkur, kakaov\u00f5i, t\u00e4is <strong>PIIM<\/strong> pulber, kakaomass, emulgaator: letsitiinid (<strong>SOJA<\/strong>), looduslik vanilje maitseaine.<\/p>\n<table style=\"height: 160px; width: 409px;\" width=\"409\">\n<tbody>\n<tr>\n<td style=\"width: 244px;\">Sisu kohta<\/td>\n<td style=\"width: 150.4px;\">100g<\/td>\n<\/tr>\n<tr>\n<td style=\"width: 244px;\">Toitev\u00e4\u00e4rtus<\/td>\n<td style=\"width: 150.4px;\">563 kcal 2338 kJ<\/td>\n<\/tr>\n<tr>\n<td style=\"width: 244px;\">Rasvad (millest k\u00fcllastunud)<\/td>\n<td style=\"width: 150.4px;\">36 g (22 g)<\/td>\n<\/tr>\n<tr>\n<td style=\"width: 244px;\">S\u00fcsivesikud (suhkur)<\/td>\n<td style=\"width: 150.4px;\">51 g (50 g)<\/td>\n<\/tr>\n<tr>\n<td style=\"width: 244px;\">Valgud<\/td>\n<td style=\"width: 150.4px;\">7g<\/td>\n<\/tr>\n<tr>\n<td style=\"width: 244px;\">soola<\/td>\n<td style=\"width: 150.4px;\">0,21 g<\/td>\n<\/tr>\n<\/tbody>\n<\/table>\n<p>Tootja: CALLEBAUT Belgia<br \/>\nS\u00e4ilitustemperatuur: <strong>12\u201320 \u00b0C<br \/>\n<\/strong>V\u00f5ib sisaldada <strong>piima.<br \/>\n<\/strong>Lisaks leiate veebisaidilt palju uusi retsepte ja n\u00e4pun\u00e4iteid <a href=\"https:\/\/www.callebaut.com\/\">callebaut.com<\/a>Tutvuge nende toodetega.<\/p>\n<p>&nbsp;<\/p>","protected":false},"excerpt":{"rendered":"<p>Tuntud \u0161okolaad. Omab k\u00f5rgeima kvaliteediga. Mass: 400g Koostis: suhkur, kakaov\u00f5i, t\u00e4ispiimapulber, kakaomass, emulgaator: letsitiinid (SOJA), looduslik vanilje maitseaine. Sisaldus 100g kohta Toitev\u00e4\u00e4rtus 563 kcal 2338 kJ Rasvad (millest k\u00fcllastunud) 36g (22g) S\u00fcsivesikud (suhkur) 51g (50g) Valgud 7g Sool 0,21g Tootja: CALLEBAUT Belgia S\u00e4ilitustemperatuur: 20 \u00b0C \u2013 [\u2026]<\/p>","protected":false},"featured_media":4865,"template":"","meta":{"_seopress_robots_primary_cat":"none","_seopress_titles_title":"","_seopress_titles_desc":"","_seopress_robots_index":""},"product_brand":[],"product_cat":[15,110],"product_tag":[],"class_list":{"0":"post-4863","1":"product","2":"type-product","3":"status-publish","4":"has-post-thumbnail","6":"product_cat-all-products","7":"product_cat-callebaut","8":"brand-callebaut","10":"first","11":"instock","12":"taxable","13":"shipping-taxable","14":"purchasable","15":"product-type-simple"},"_links":{"self":[{"href":"https:\/\/candeebaar.ee\/et\/wp-json\/wp\/v2\/product\/4863","targetHints":{"allow":["GET"]}}],"collection":[{"href":"https:\/\/candeebaar.ee\/et\/wp-json\/wp\/v2\/product"}],"about":[{"href":"https:\/\/candeebaar.ee\/et\/wp-json\/wp\/v2\/types\/product"}],"version-history":[{"count":3,"href":"https:\/\/candeebaar.ee\/et\/wp-json\/wp\/v2\/product\/4863\/revisions"}],"predecessor-version":[{"id":11901,"href":"https:\/\/candeebaar.ee\/et\/wp-json\/wp\/v2\/product\/4863\/revisions\/11901"}],"wp:featuredmedia":[{"embeddable":true,"href":"https:\/\/candeebaar.ee\/et\/wp-json\/wp\/v2\/media\/4865"}],"wp:attachment":[{"href":"https:\/\/candeebaar.ee\/et\/wp-json\/wp\/v2\/media?parent=4863"}],"wp:term":[{"taxonomy":"product_brand","embeddable":true,"href":"https:\/\/candeebaar.ee\/et\/wp-json\/wp\/v2\/product_brand?post=4863"},{"taxonomy":"product_cat","embeddable":true,"href":"https:\/\/candeebaar.ee\/et\/wp-json\/wp\/v2\/product_cat?post=4863"},{"taxonomy":"product_tag","embeddable":true,"href":"https:\/\/candeebaar.ee\/et\/wp-json\/wp\/v2\/product_tag?post=4863"}],"curies":[{"name":"t\u00f6\u00f6leht","href":"https:\/\/api.w.org\/{rel}","templated":true}]}}