{"id":4875,"date":"2024-12-31T20:06:31","date_gmt":"2024-12-31T20:06:31","guid":{"rendered":"https:\/\/storetest.ivi.ee\/product\/ewald-gelatin-50g\/"},"modified":"2026-04-17T16:16:12","modified_gmt":"2026-04-17T14:16:12","slug":"ewald-zelatiin-50g","status":"publish","type":"product","link":"https:\/\/candeebaar.ee\/et\/pood\/ewald-zelatiin-50g\/","title":{"rendered":"Ewald \u017eelatiin 50g"},"content":{"rendered":"<p>Tugevus: 240 \u00f5itsengut (plaatina)<br \/>\nV\u00e4ga tugevad \u017eelatiinilehed.<br \/>\nProfessionaalseks kasutamiseks.<br \/>\nKaal: 50 g<br \/>\nKoostisosad: \u017eelatiin<br \/>\nK\u00f5lblikkusaeg: vaata pakendilt<br \/>\nTootja: Saksamaa<\/p>\n<p>&nbsp;<\/p>\n<p>&nbsp;<\/p>","protected":false},"excerpt":{"rendered":"<p>Kangus: 240 bloom (plaatina) V\u00e4ga tugevad \u017eelatiinilehed. Professionaalseks kasutamiseks. Mass: 50g Koostis: \u017eelatiin S\u00e4ilivusaeg: vaata pakendilt Tootja: Saksamaa &nbsp; &nbsp;<\/p>","protected":false},"featured_media":4877,"template":"","meta":{"_seopress_robots_primary_cat":"none","_seopress_titles_title":"","_seopress_titles_desc":"","_seopress_robots_index":""},"product_brand":[],"product_cat":[15,100],"product_tag":[],"class_list":{"0":"post-4875","1":"product","2":"type-product","3":"status-publish","4":"has-post-thumbnail","6":"product_cat-all-products","7":"product_cat-thickeners","9":"first","10":"instock","11":"taxable","12":"shipping-taxable","13":"purchasable","14":"product-type-simple"},"_links":{"self":[{"href":"https:\/\/candeebaar.ee\/et\/wp-json\/wp\/v2\/product\/4875","targetHints":{"allow":["GET"]}}],"collection":[{"href":"https:\/\/candeebaar.ee\/et\/wp-json\/wp\/v2\/product"}],"about":[{"href":"https:\/\/candeebaar.ee\/et\/wp-json\/wp\/v2\/types\/product"}],"version-history":[{"count":2,"href":"https:\/\/candeebaar.ee\/et\/wp-json\/wp\/v2\/product\/4875\/revisions"}],"predecessor-version":[{"id":10480,"href":"https:\/\/candeebaar.ee\/et\/wp-json\/wp\/v2\/product\/4875\/revisions\/10480"}],"wp:featuredmedia":[{"embeddable":true,"href":"https:\/\/candeebaar.ee\/et\/wp-json\/wp\/v2\/media\/4877"}],"wp:attachment":[{"href":"https:\/\/candeebaar.ee\/et\/wp-json\/wp\/v2\/media?parent=4875"}],"wp:term":[{"taxonomy":"product_brand","embeddable":true,"href":"https:\/\/candeebaar.ee\/et\/wp-json\/wp\/v2\/product_brand?post=4875"},{"taxonomy":"product_cat","embeddable":true,"href":"https:\/\/candeebaar.ee\/et\/wp-json\/wp\/v2\/product_cat?post=4875"},{"taxonomy":"product_tag","embeddable":true,"href":"https:\/\/candeebaar.ee\/et\/wp-json\/wp\/v2\/product_tag?post=4875"}],"curies":[{"name":"t\u00f6\u00f6leht","href":"https:\/\/api.w.org\/{rel}","templated":true}]}}