{"id":4880,"date":"2024-12-31T20:06:31","date_gmt":"2024-12-31T20:06:31","guid":{"rendered":"https:\/\/storetest.ivi.ee\/product\/heat-resistant-silicone-mat-3040cm\/"},"modified":"2026-04-07T20:31:52","modified_gmt":"2026-04-07T18:31:52","slug":"kuumakindel-silikoonmatt-3040cm","status":"publish","type":"product","link":"https:\/\/candeebaar.ee\/et\/pood\/kuumakindel-silikoonmatt-3040cm\/","title":{"rendered":"Kuumuskindel silikoonmatt 30*40cm"},"content":{"rendered":"<p>Tugevdatud silikoonmatt sobib k\u00fcpsetustoodete k\u00fcpsetamiseks, beseede ja vahukommide torustamiseks ning pulgakommi valmistamiseks.<br \/>\nAsendab p\u00e4rgamentpaberit.<br \/>\nM\u00f5\u00f5dud 40x30 cm<br \/>\nT\u00f6\u00f6temperatuur: -40\u00b0 kuni 240\u00b0C<br \/>\nMaterjal: toidusilikoon, klaaskiud<\/p>","protected":false},"excerpt":{"rendered":"<p>Tugevdatud silikoonmatt sobib k\u00fcpsetustoodete k\u00fcpsetamiseks, beseede ja vahukommide torustamiseks ning pulgakommi valmistamiseks. Asendab p\u00e4rgamentpaberit. Suurus 40x30cm T\u00f6\u00f6temperatuur: -40\u00b0 kuni 240\u00b0C Materjal: toidusilikoon, klaaskiud<\/p>","protected":false},"featured_media":10491,"template":"","meta":{"_seopress_robots_primary_cat":"none","_seopress_titles_title":"","_seopress_titles_desc":"","_seopress_robots_index":""},"product_brand":[],"product_cat":[15,84],"product_tag":[],"class_list":{"0":"post-4880","1":"product","2":"type-product","3":"status-publish","4":"has-post-thumbnail","6":"product_cat-all-products","7":"product_cat-tools","9":"first","10":"instock","11":"taxable","12":"shipping-taxable","13":"purchasable","14":"product-type-simple"},"_links":{"self":[{"href":"https:\/\/candeebaar.ee\/et\/wp-json\/wp\/v2\/product\/4880","targetHints":{"allow":["GET"]}}],"collection":[{"href":"https:\/\/candeebaar.ee\/et\/wp-json\/wp\/v2\/product"}],"about":[{"href":"https:\/\/candeebaar.ee\/et\/wp-json\/wp\/v2\/types\/product"}],"version-history":[{"count":1,"href":"https:\/\/candeebaar.ee\/et\/wp-json\/wp\/v2\/product\/4880\/revisions"}],"predecessor-version":[{"id":4881,"href":"https:\/\/candeebaar.ee\/et\/wp-json\/wp\/v2\/product\/4880\/revisions\/4881"}],"wp:featuredmedia":[{"embeddable":true,"href":"https:\/\/candeebaar.ee\/et\/wp-json\/wp\/v2\/media\/10491"}],"wp:attachment":[{"href":"https:\/\/candeebaar.ee\/et\/wp-json\/wp\/v2\/media?parent=4880"}],"wp:term":[{"taxonomy":"product_brand","embeddable":true,"href":"https:\/\/candeebaar.ee\/et\/wp-json\/wp\/v2\/product_brand?post=4880"},{"taxonomy":"product_cat","embeddable":true,"href":"https:\/\/candeebaar.ee\/et\/wp-json\/wp\/v2\/product_cat?post=4880"},{"taxonomy":"product_tag","embeddable":true,"href":"https:\/\/candeebaar.ee\/et\/wp-json\/wp\/v2\/product_tag?post=4880"}],"curies":[{"name":"t\u00f6\u00f6leht","href":"https:\/\/api.w.org\/{rel}","templated":true}]}}