{"id":4901,"date":"2024-12-31T20:06:31","date_gmt":"2024-12-31T20:06:31","guid":{"rendered":"https:\/\/storetest.ivi.ee\/product\/glucose-syrup-dan-sukker-400g\/"},"modified":"2026-04-13T12:03:17","modified_gmt":"2026-04-13T10:03:17","slug":"glukoosisiirup-ja-sukker-400g","status":"publish","type":"product","link":"https:\/\/candeebaar.ee\/et\/pood\/glukoosisiirup-ja-sukker-400g\/","title":{"rendered":"Gl\u00fckoosisiirup Dan Sukker 400g"},"content":{"rendered":"<div class=\"product-content\">\n<div class=\"row-fluid\">\n<div class=\"span8\"><\/div>\n<\/div>\n<\/div>\n<div class=\"tab-content\">\n<div id=\"desc\" class=\"tab-pane active\" role=\"tabpanel\">\n<div id=\"product-full-desc\" class=\"user-inner\" data-ng-non-bindable=\"\">\n<p style=\"padding-left: 30px;\">Kasutatakse karamelli, glasuuri, vahtude jms valmistamiseks.<br \/>\nKoostisosad: gl\u00fckoosisiirup.<br \/>\n100 g toodet sisaldab:<br \/>\nValgud 0 g<br \/>\nRasvad 0 g<br \/>\nS\u00fcsivesikud 77g (millest suhkrud 23g)<br \/>\nkcal 310<br \/>\n1300 kJ<br \/>\nK\u00f5lblikkusaeg: vaata pakendilt<br \/>\nHoida toatemperatuuril.<br \/>\nNetokaal: 400g.<br \/>\nTootja: Dan Sukker Rootsi<\/p>\n<\/div>\n<\/div>\n<\/div>","protected":false},"excerpt":{"rendered":"<p>Kasutatakse karamelli, glasuuri, vahtude jms valmistamiseks. Koostis: gl\u00fckoosisiirup. 100g toodet sisaldab: Valgud 0g Rasvad 0g S\u00fcsivesikud 77g (sellest suhkrud 23g) kCal 310 kJ 1300 K\u00f5lblikkusaeg: vaata pakendilt Hoida toatemperatuuril. Netokaal: 400g. Tootja: Dan Sukker Rootsi<\/p>","protected":false},"featured_media":4903,"template":"","meta":{"_seopress_robots_primary_cat":"none","_seopress_titles_title":"","_seopress_titles_desc":"","_seopress_robots_index":""},"product_brand":[],"product_cat":[15,102],"product_tag":[],"class_list":{"0":"post-4901","1":"product","2":"type-product","3":"status-publish","4":"has-post-thumbnail","6":"product_cat-all-products","7":"product_cat-sugars","9":"first","10":"instock","11":"taxable","12":"shipping-taxable","13":"purchasable","14":"product-type-simple"},"_links":{"self":[{"href":"https:\/\/candeebaar.ee\/et\/wp-json\/wp\/v2\/product\/4901","targetHints":{"allow":["GET"]}}],"collection":[{"href":"https:\/\/candeebaar.ee\/et\/wp-json\/wp\/v2\/product"}],"about":[{"href":"https:\/\/candeebaar.ee\/et\/wp-json\/wp\/v2\/types\/product"}],"version-history":[{"count":1,"href":"https:\/\/candeebaar.ee\/et\/wp-json\/wp\/v2\/product\/4901\/revisions"}],"predecessor-version":[{"id":4902,"href":"https:\/\/candeebaar.ee\/et\/wp-json\/wp\/v2\/product\/4901\/revisions\/4902"}],"wp:featuredmedia":[{"embeddable":true,"href":"https:\/\/candeebaar.ee\/et\/wp-json\/wp\/v2\/media\/4903"}],"wp:attachment":[{"href":"https:\/\/candeebaar.ee\/et\/wp-json\/wp\/v2\/media?parent=4901"}],"wp:term":[{"taxonomy":"product_brand","embeddable":true,"href":"https:\/\/candeebaar.ee\/et\/wp-json\/wp\/v2\/product_brand?post=4901"},{"taxonomy":"product_cat","embeddable":true,"href":"https:\/\/candeebaar.ee\/et\/wp-json\/wp\/v2\/product_cat?post=4901"},{"taxonomy":"product_tag","embeddable":true,"href":"https:\/\/candeebaar.ee\/et\/wp-json\/wp\/v2\/product_tag?post=4901"}],"curies":[{"name":"t\u00f6\u00f6leht","href":"https:\/\/api.w.org\/{rel}","templated":true}]}}