{"id":4912,"date":"2024-12-31T20:07:25","date_gmt":"2024-12-31T20:07:25","guid":{"rendered":"https:\/\/storetest.ivi.ee\/product\/ravifruit-lemon-puree-1000g\/"},"modified":"2025-02-19T09:22:19","modified_gmt":"2025-02-19T07:22:19","slug":"ravifruit-sidrunipuree-1000g","status":"publish","type":"product","link":"https:\/\/candeebaar.ee\/et\/pood\/ravifruit-sidrunipuree-1000g\/","title":{"rendered":"Ravifruit Sidrunip\u00fcree 1000g"},"content":{"rendered":"<p>Naturaalne sidrunip\u00fcree. Sobib suurep\u00e4raselt vahukookide, vahukommide, kreemide jms valmistamiseks.<br \/>\n Kaal: 1000g<br \/>\n Koostisosad: Sidrun 90% Suhkur 10%<br \/>\n Ei sisalda maitselisandeid, v\u00e4rvaineid ega s\u00e4ilitusaineid.<br \/>\n Hoida pimedas jahedas kohas.<br \/>\n K\u00f5lblikkusaeg: vaata pakendilt<br \/>\n Tootja: Ravifruit France<\/p>\n<p> <iframe src=\"\/\/www.youtube.com\/embed\/zjWpzJxaZic\" width=\"560\" height=\"314\" allowfullscreen=\"allowfullscreen\"><\/iframe><\/p>\n<p> &nbsp;<\/p>","protected":false},"excerpt":{"rendered":"<p>Naturaalne sidrunip\u00fcree. Sobib suurep\u00e4raselt vahukookide, vahukommide, kreemide jms valmistamiseks. Mass: 1000g Koostis: Sidrun 90% Suhkur 10% Ei sisalda maitselisandeid, v\u00e4rvaineid ega s\u00e4ilitusaineid. Hoida pimedas jahedas kohas. K\u00f5lblikkusaeg: vaata pakendilt Tootja: Ravifruit France &nbsp;<\/p>","protected":false},"featured_media":4914,"template":"","meta":{"_seopress_robots_primary_cat":"","_seopress_titles_title":"","_seopress_titles_desc":"","_seopress_robots_index":""},"product_brand":[],"product_cat":[15,99],"product_tag":[],"class_list":{"0":"post-4912","1":"product","2":"type-product","3":"status-publish","4":"has-post-thumbnail","6":"product_cat-all-products","7":"product_cat-fruit-purees","9":"first","10":"instock","11":"taxable","12":"shipping-taxable","13":"purchasable","14":"product-type-simple"},"_links":{"self":[{"href":"https:\/\/candeebaar.ee\/et\/wp-json\/wp\/v2\/product\/4912","targetHints":{"allow":["GET"]}}],"collection":[{"href":"https:\/\/candeebaar.ee\/et\/wp-json\/wp\/v2\/product"}],"about":[{"href":"https:\/\/candeebaar.ee\/et\/wp-json\/wp\/v2\/types\/product"}],"version-history":[{"count":1,"href":"https:\/\/candeebaar.ee\/et\/wp-json\/wp\/v2\/product\/4912\/revisions"}],"predecessor-version":[{"id":4913,"href":"https:\/\/candeebaar.ee\/et\/wp-json\/wp\/v2\/product\/4912\/revisions\/4913"}],"wp:featuredmedia":[{"embeddable":true,"href":"https:\/\/candeebaar.ee\/et\/wp-json\/wp\/v2\/media\/4914"}],"wp:attachment":[{"href":"https:\/\/candeebaar.ee\/et\/wp-json\/wp\/v2\/media?parent=4912"}],"wp:term":[{"taxonomy":"product_brand","embeddable":true,"href":"https:\/\/candeebaar.ee\/et\/wp-json\/wp\/v2\/product_brand?post=4912"},{"taxonomy":"product_cat","embeddable":true,"href":"https:\/\/candeebaar.ee\/et\/wp-json\/wp\/v2\/product_cat?post=4912"},{"taxonomy":"product_tag","embeddable":true,"href":"https:\/\/candeebaar.ee\/et\/wp-json\/wp\/v2\/product_tag?post=4912"}],"curies":[{"name":"t\u00f6\u00f6leht","href":"https:\/\/api.w.org\/{rel}","templated":true}]}}