{"id":4915,"date":"2024-12-31T20:07:25","date_gmt":"2024-12-31T20:07:25","guid":{"rendered":"https:\/\/storetest.ivi.ee\/product\/callebaut-strawberry-chocolate-30-200g\/"},"modified":"2026-02-18T10:27:42","modified_gmt":"2026-02-18T08:27:42","slug":"callebaut-maasikasokolaad-30-200g","status":"publish","type":"product","link":"https:\/\/candeebaar.ee\/et\/pood\/callebaut-maasikasokolaad-30-200g\/","title":{"rendered":"Callebaut maasika\u0161okolaad (30%) 200g"},"content":{"rendered":"<p>Roosa \u0161okolaad maasika maitsega. Ideaalne kaunistamiseks, ganache&#039;ide ja kommide jaoks.<br \/>\nValmistatud valgest \u0161okolaadist, on see tempereeritud nagu tavaline valge \u0161okolaad.<br \/>\nKakaosisaldus 30%.<br \/>\nKoostisosad: suhkur, kakaov\u00f5i (30%), t\u00e4ispiimapulber, emulgaator: sojaletsitiin, l\u00f5hna- ja maitseaine, v\u00e4rvaine: E120, looduslik vanilje maitseaine.<br \/>\n200g<\/p>\n<table style=\"height: 160px; width: 409px;\" width=\"409\">\n<tbody>\n<tr>\n<td style=\"width: 244px;\">Sisu kohta<\/td>\n<td style=\"width: 150.4px;\">100g<\/td>\n<\/tr>\n<tr>\n<td style=\"width: 244px;\">Toitev\u00e4\u00e4rtus<\/td>\n<td style=\"width: 150.4px;\">567 kcal 2374 kJ<\/td>\n<\/tr>\n<tr>\n<td style=\"width: 244px;\">Rasvad (millest k\u00fcllastunud)<\/td>\n<td style=\"width: 150.4px;\">36 g (22 g)<\/td>\n<\/tr>\n<tr>\n<td style=\"width: 244px;\">S\u00fcsivesikud (suhkur)<\/td>\n<td style=\"width: 150.4px;\">55 g (55 g)<\/td>\n<\/tr>\n<tr>\n<td style=\"width: 244px;\">Valgud<\/td>\n<td style=\"width: 150.4px;\">6,1 g<\/td>\n<\/tr>\n<tr>\n<td style=\"width: 244px;\">soola<\/td>\n<td style=\"width: 150.4px;\">0,23 g<\/td>\n<\/tr>\n<\/tbody>\n<\/table>\n<p>S\u00e4ilitustemperatuur: <strong>12\u201320 \u00b0C<br \/>\n<\/strong>Sisaldab <strong>piim, soja,<\/strong> maitselisandid, v\u00e4rvaine E120<br \/>\nToodetud Tootja: CALLEBAUT Belgia.<br \/>\nLisaks leiate veebisaidilt palju uusi retsepte ja saate tutvuda nende toodetega <a href=\"https:\/\/www.callebaut.com\/\">callebaut.com<\/a>.<\/p>\n<p>&nbsp;<\/p>","protected":false},"excerpt":{"rendered":"<p>Roosa \u0161okolaad maasikamaitsega. Ideaalne kaunistuseks, ganache&#039;ideks ja kommideks. Valmistatud valgest \u0161okolaadist ja on karastatud nagu tavaline valge \u0161okolaad. Kakaosisaldus 30%. Koostisosad: suhkur, kakaov\u00f5i (30%), t\u00e4ispiimapulber, emulgaator: sojaletsitiin, l\u00f5hna- ja maitseained, v\u00e4rvaine: E120, looduslik vanilje l\u00f5hna- ja maitseaine. 200 g 100 g kohta Toitev\u00e4\u00e4rtus 567 kcal 2374 kJ Rasvad (millest [\u2026]<\/p>","protected":false},"featured_media":4861,"template":"","meta":{"_seopress_robots_primary_cat":"none","_seopress_titles_title":"","_seopress_titles_desc":"","_seopress_robots_index":""},"product_brand":[],"product_cat":[183,15,110],"product_tag":[],"class_list":{"0":"post-4915","1":"product","2":"type-product","3":"status-publish","4":"has-post-thumbnail","6":"product_cat-valentines-day","7":"product_cat-all-products","8":"product_cat-callebaut","9":"brand-callebaut","11":"first","12":"instock","13":"taxable","14":"shipping-taxable","15":"purchasable","16":"product-type-simple"},"_links":{"self":[{"href":"https:\/\/candeebaar.ee\/et\/wp-json\/wp\/v2\/product\/4915","targetHints":{"allow":["GET"]}}],"collection":[{"href":"https:\/\/candeebaar.ee\/et\/wp-json\/wp\/v2\/product"}],"about":[{"href":"https:\/\/candeebaar.ee\/et\/wp-json\/wp\/v2\/types\/product"}],"version-history":[{"count":3,"href":"https:\/\/candeebaar.ee\/et\/wp-json\/wp\/v2\/product\/4915\/revisions"}],"predecessor-version":[{"id":11921,"href":"https:\/\/candeebaar.ee\/et\/wp-json\/wp\/v2\/product\/4915\/revisions\/11921"}],"wp:featuredmedia":[{"embeddable":true,"href":"https:\/\/candeebaar.ee\/et\/wp-json\/wp\/v2\/media\/4861"}],"wp:attachment":[{"href":"https:\/\/candeebaar.ee\/et\/wp-json\/wp\/v2\/media?parent=4915"}],"wp:term":[{"taxonomy":"product_brand","embeddable":true,"href":"https:\/\/candeebaar.ee\/et\/wp-json\/wp\/v2\/product_brand?post=4915"},{"taxonomy":"product_cat","embeddable":true,"href":"https:\/\/candeebaar.ee\/et\/wp-json\/wp\/v2\/product_cat?post=4915"},{"taxonomy":"product_tag","embeddable":true,"href":"https:\/\/candeebaar.ee\/et\/wp-json\/wp\/v2\/product_tag?post=4915"}],"curies":[{"name":"t\u00f6\u00f6leht","href":"https:\/\/api.w.org\/{rel}","templated":true}]}}