{"id":4921,"date":"2024-12-31T20:07:25","date_gmt":"2024-12-31T20:07:25","guid":{"rendered":"https:\/\/storetest.ivi.ee\/product\/santa-maria-baking-powder-700g\/"},"modified":"2025-01-02T19:49:27","modified_gmt":"2025-01-02T19:49:27","slug":"santa-maria-kupsetuspulber-700-g","status":"publish","type":"product","link":"https:\/\/candeebaar.ee\/et\/pood\/santa-maria-kupsetuspulber-700-g\/","title":{"rendered":"Santa Maria k\u00fcpsetuspulber 700g"},"content":{"rendered":"<p>K\u00fcpsetuspulber, kasutatakse k\u00fcpsetamisel kergitusainena.<br \/>\nKahealuselised fosfaadid, naatriumkarbonaat, maisit\u00e4rklis, sidrunhape.<br \/>\nHoida kuivas jahedas kohas.<br \/>\nNetokaal: 700g<br \/>\nPakendatud Rootsis.<\/p>","protected":false},"excerpt":{"rendered":"<p>K\u00fcpsetuspulber, kasutatakse k\u00fcpsetamisel kergitusainena. Kahealuselised fosfaadid, naatriumkarbonaat, maisit\u00e4rklis, sidrunhape. Hoida kuivas ja jahedas kohas. Netokaal: 700 g. Pakendatud Rootsis.<\/p>","protected":false},"featured_media":4923,"template":"","meta":{"_seopress_robots_primary_cat":"","_seopress_titles_title":"","_seopress_titles_desc":"","_seopress_robots_index":""},"product_brand":[],"product_cat":[15,84],"product_tag":[],"class_list":{"0":"post-4921","1":"product","2":"type-product","3":"status-publish","4":"has-post-thumbnail","6":"product_cat-all-products","7":"product_cat-tools","9":"first","10":"outofstock","11":"taxable","12":"shipping-taxable","13":"purchasable","14":"product-type-simple"},"_links":{"self":[{"href":"https:\/\/candeebaar.ee\/et\/wp-json\/wp\/v2\/product\/4921","targetHints":{"allow":["GET"]}}],"collection":[{"href":"https:\/\/candeebaar.ee\/et\/wp-json\/wp\/v2\/product"}],"about":[{"href":"https:\/\/candeebaar.ee\/et\/wp-json\/wp\/v2\/types\/product"}],"version-history":[{"count":1,"href":"https:\/\/candeebaar.ee\/et\/wp-json\/wp\/v2\/product\/4921\/revisions"}],"predecessor-version":[{"id":4922,"href":"https:\/\/candeebaar.ee\/et\/wp-json\/wp\/v2\/product\/4921\/revisions\/4922"}],"wp:featuredmedia":[{"embeddable":true,"href":"https:\/\/candeebaar.ee\/et\/wp-json\/wp\/v2\/media\/4923"}],"wp:attachment":[{"href":"https:\/\/candeebaar.ee\/et\/wp-json\/wp\/v2\/media?parent=4921"}],"wp:term":[{"taxonomy":"product_brand","embeddable":true,"href":"https:\/\/candeebaar.ee\/et\/wp-json\/wp\/v2\/product_brand?post=4921"},{"taxonomy":"product_cat","embeddable":true,"href":"https:\/\/candeebaar.ee\/et\/wp-json\/wp\/v2\/product_cat?post=4921"},{"taxonomy":"product_tag","embeddable":true,"href":"https:\/\/candeebaar.ee\/et\/wp-json\/wp\/v2\/product_tag?post=4921"}],"curies":[{"name":"t\u00f6\u00f6leht","href":"https:\/\/api.w.org\/{rel}","templated":true}]}}