{"id":4924,"date":"2024-12-31T20:07:25","date_gmt":"2024-12-31T20:07:25","guid":{"rendered":"https:\/\/storetest.ivi.ee\/product\/salliselta-edible-pearls-80g-soft\/"},"modified":"2025-06-08T15:27:38","modified_gmt":"2025-06-08T13:27:38","slug":"salliselta-soodavad-parlid-80g-pehmed","status":"publish","type":"product","link":"https:\/\/candeebaar.ee\/et\/pood\/salliselta-soodavad-parlid-80g-pehmed\/","title":{"rendered":"Salliselta s\u00f6\u00f6davad p\u00e4rlid 80g (pehmed)"},"content":{"rendered":"<p>S\u00f6\u00f6davate p\u00e4rlitega kaunistused.<br \/>\nSuurus: \u22484mm<br \/>\nV\u00e4rvus: metallik p\u00e4rl<br \/>\nKoostisosad: dekstroos, suhkur, riisijahu, gl\u00fckoosisiirup, E173, l\u00f5hna- ja maitseained, E330, sool, \u017eelatiin, E903<br \/>\nNetokaal: 80g<br \/>\nPakitud Soomes.<\/p>","protected":false},"excerpt":{"rendered":"<p>S\u00f6\u00f6davate p\u00e4rlitega kaunistused. Suurus: \u22484mm V\u00e4rvus: metallik p\u00e4rl Koostis: dekstroos, suhkur, riisijahu, gl\u00fckoosisiirup, E173, l\u00f5hna- ja maitseained, E330, sool, \u017eelatiin, E903 Netokaal: 80g Pakitud Soomes.<\/p>","protected":false},"featured_media":4926,"template":"","meta":{"_seopress_robots_primary_cat":"","_seopress_titles_title":"","_seopress_titles_desc":"","_seopress_robots_index":""},"product_brand":[],"product_cat":[15,104],"product_tag":[],"class_list":{"0":"post-4924","1":"product","2":"type-product","3":"status-publish","4":"has-post-thumbnail","6":"product_cat-all-products","7":"product_cat-sprinkles","9":"first","10":"outofstock","11":"taxable","12":"shipping-taxable","13":"purchasable","14":"product-type-simple"},"_links":{"self":[{"href":"https:\/\/candeebaar.ee\/et\/wp-json\/wp\/v2\/product\/4924","targetHints":{"allow":["GET"]}}],"collection":[{"href":"https:\/\/candeebaar.ee\/et\/wp-json\/wp\/v2\/product"}],"about":[{"href":"https:\/\/candeebaar.ee\/et\/wp-json\/wp\/v2\/types\/product"}],"version-history":[{"count":1,"href":"https:\/\/candeebaar.ee\/et\/wp-json\/wp\/v2\/product\/4924\/revisions"}],"predecessor-version":[{"id":4925,"href":"https:\/\/candeebaar.ee\/et\/wp-json\/wp\/v2\/product\/4924\/revisions\/4925"}],"wp:featuredmedia":[{"embeddable":true,"href":"https:\/\/candeebaar.ee\/et\/wp-json\/wp\/v2\/media\/4926"}],"wp:attachment":[{"href":"https:\/\/candeebaar.ee\/et\/wp-json\/wp\/v2\/media?parent=4924"}],"wp:term":[{"taxonomy":"product_brand","embeddable":true,"href":"https:\/\/candeebaar.ee\/et\/wp-json\/wp\/v2\/product_brand?post=4924"},{"taxonomy":"product_cat","embeddable":true,"href":"https:\/\/candeebaar.ee\/et\/wp-json\/wp\/v2\/product_cat?post=4924"},{"taxonomy":"product_tag","embeddable":true,"href":"https:\/\/candeebaar.ee\/et\/wp-json\/wp\/v2\/product_tag?post=4924"}],"curies":[{"name":"t\u00f6\u00f6leht","href":"https:\/\/api.w.org\/{rel}","templated":true}]}}