{"id":4927,"date":"2024-12-31T20:07:25","date_gmt":"2024-12-31T20:07:25","guid":{"rendered":"https:\/\/storetest.ivi.ee\/product\/alkalized-cocoa-powder-10-12-450g\/"},"modified":"2026-04-06T14:34:11","modified_gmt":"2026-04-06T12:34:11","slug":"leelistatud-kakaopulber-10-12-450g","status":"publish","type":"product","link":"https:\/\/candeebaar.ee\/et\/pood\/leelistatud-kakaopulber-10-12-450g\/","title":{"rendered":"Leelistatud kakaopulber (10-12%) 450g"},"content":{"rendered":"<p>V\u00e4hendatud rasvasisaldusega leelistatud kakaopulber.<br \/>\nKaal: 450 g<br \/>\n100g sisaldab:<br \/>\nRasvad: 11,4 g, millest k\u00fcllastunud 7,2 g<br \/>\nValgud: 20,3 g<br \/>\nS\u00fcsivesikud (suhkrud): 16,6 g (1,2)<br \/>\nSool: 0,25 g<br \/>\nToitev\u00e4\u00e4rtus:<br \/>\n1331 kJ 321 kcal<br \/>\nTootja: Holland, pakendatud firmalt Gemo Spice.<br \/>\nHoida kuivas ja pimedas kohas.<\/p>\n<p>&nbsp;<\/p>","protected":false},"excerpt":{"rendered":"<p>V\u00e4hendatud rasvasisaldusega leelistatud kakaopulber. Mass: 450g 100g sisaldab: Rasvad: 11,4 g millest k\u00fcllastunud 7,2 g Valgud: 20,3 g S\u00fcsivesikud (suhkrud): 16,6 g (1,2) Sool: 0,25 g Toitev\u00e4\u00e4rtus: 1331 kJ 321 kcal Tootja: Gemo Spiceturer: Holland Hoida kuivas ja pimedas kohas. &nbsp;<\/p>","protected":false},"featured_media":4929,"template":"","meta":{"_seopress_robots_primary_cat":"none","_seopress_titles_title":"","_seopress_titles_desc":"","_seopress_robots_index":""},"product_brand":[],"product_cat":[15,111,110],"product_tag":[],"class_list":{"0":"post-4927","1":"product","2":"type-product","3":"status-publish","4":"has-post-thumbnail","6":"product_cat-all-products","7":"product_cat-cacao-mill","8":"product_cat-callebaut","9":"brand-callebaut","11":"first","12":"instock","13":"taxable","14":"shipping-taxable","15":"purchasable","16":"product-type-simple"},"_links":{"self":[{"href":"https:\/\/candeebaar.ee\/et\/wp-json\/wp\/v2\/product\/4927","targetHints":{"allow":["GET"]}}],"collection":[{"href":"https:\/\/candeebaar.ee\/et\/wp-json\/wp\/v2\/product"}],"about":[{"href":"https:\/\/candeebaar.ee\/et\/wp-json\/wp\/v2\/types\/product"}],"version-history":[{"count":2,"href":"https:\/\/candeebaar.ee\/et\/wp-json\/wp\/v2\/product\/4927\/revisions"}],"predecessor-version":[{"id":14134,"href":"https:\/\/candeebaar.ee\/et\/wp-json\/wp\/v2\/product\/4927\/revisions\/14134"}],"wp:featuredmedia":[{"embeddable":true,"href":"https:\/\/candeebaar.ee\/et\/wp-json\/wp\/v2\/media\/4929"}],"wp:attachment":[{"href":"https:\/\/candeebaar.ee\/et\/wp-json\/wp\/v2\/media?parent=4927"}],"wp:term":[{"taxonomy":"product_brand","embeddable":true,"href":"https:\/\/candeebaar.ee\/et\/wp-json\/wp\/v2\/product_brand?post=4927"},{"taxonomy":"product_cat","embeddable":true,"href":"https:\/\/candeebaar.ee\/et\/wp-json\/wp\/v2\/product_cat?post=4927"},{"taxonomy":"product_tag","embeddable":true,"href":"https:\/\/candeebaar.ee\/et\/wp-json\/wp\/v2\/product_tag?post=4927"}],"curies":[{"name":"t\u00f6\u00f6leht","href":"https:\/\/api.w.org\/{rel}","templated":true}]}}