{"id":4941,"date":"2024-12-31T20:07:25","date_gmt":"2024-12-31T20:07:25","guid":{"rendered":"https:\/\/storetest.ivi.ee\/product\/box-for-2-cupcakes-double-sided-with-a-window\/"},"modified":"2026-03-31T00:49:23","modified_gmt":"2026-03-30T22:49:23","slug":"kahepoolne-aknaga-karp-2-koogi-jaoks","status":"publish","type":"product","link":"https:\/\/candeebaar.ee\/et\/pood\/kahepoolne-aknaga-karp-2-koogi-jaoks\/","title":{"rendered":"Kahepoolne aknaga karp 2 koogi jaoks"},"content":{"rendered":"<p>Karp koogikeste jaoks<br \/>\nSellel on spetsiaalne vahet\u00fckk, mis hoiab koogikesi kindlalt paigal. Aken l\u00e4bipaistvast plastikust.<br \/>\nLaius 10cm<br \/>\nPikkus 16cm<br \/>\nK\u00f5rgus 10cm<br \/>\nKahev\u00e4rviline: valge ja kraft<br \/>\nMaterjal: papp<br \/>\nLihtne kokku panna.<\/p>\n<p>&nbsp;<\/p>","protected":false},"excerpt":{"rendered":"<p>Koogikeste karp Sellel on spetsiaalne vahet\u00fckk, mis hoiab koogikesi kindlalt paigal. Aken l\u00e4bipaistvast plastikust. Laius 10cm Pikkus 16cm K\u00f5rgus 10cm Kahev\u00e4rviline: valge ja kraft Materjal: papp Lihtne kokku panna. &nbsp;<\/p>","protected":false},"featured_media":4943,"template":"","meta":{"_seopress_robots_primary_cat":"none","_seopress_titles_title":"","_seopress_titles_desc":"","_seopress_robots_index":""},"product_brand":[],"product_cat":[15,152],"product_tag":[],"class_list":{"0":"post-4941","1":"product","2":"type-product","3":"status-publish","4":"has-post-thumbnail","6":"product_cat-all-products","7":"product_cat-cupcakes","9":"first","10":"instock","11":"taxable","12":"shipping-taxable","13":"purchasable","14":"product-type-simple"},"_links":{"self":[{"href":"https:\/\/candeebaar.ee\/et\/wp-json\/wp\/v2\/product\/4941","targetHints":{"allow":["GET"]}}],"collection":[{"href":"https:\/\/candeebaar.ee\/et\/wp-json\/wp\/v2\/product"}],"about":[{"href":"https:\/\/candeebaar.ee\/et\/wp-json\/wp\/v2\/types\/product"}],"version-history":[{"count":2,"href":"https:\/\/candeebaar.ee\/et\/wp-json\/wp\/v2\/product\/4941\/revisions"}],"predecessor-version":[{"id":13814,"href":"https:\/\/candeebaar.ee\/et\/wp-json\/wp\/v2\/product\/4941\/revisions\/13814"}],"wp:featuredmedia":[{"embeddable":true,"href":"https:\/\/candeebaar.ee\/et\/wp-json\/wp\/v2\/media\/4943"}],"wp:attachment":[{"href":"https:\/\/candeebaar.ee\/et\/wp-json\/wp\/v2\/media?parent=4941"}],"wp:term":[{"taxonomy":"product_brand","embeddable":true,"href":"https:\/\/candeebaar.ee\/et\/wp-json\/wp\/v2\/product_brand?post=4941"},{"taxonomy":"product_cat","embeddable":true,"href":"https:\/\/candeebaar.ee\/et\/wp-json\/wp\/v2\/product_cat?post=4941"},{"taxonomy":"product_tag","embeddable":true,"href":"https:\/\/candeebaar.ee\/et\/wp-json\/wp\/v2\/product_tag?post=4941"}],"curies":[{"name":"t\u00f6\u00f6leht","href":"https:\/\/api.w.org\/{rel}","templated":true}]}}