{"id":4946,"date":"2024-12-31T20:07:25","date_gmt":"2024-12-31T20:07:25","guid":{"rendered":"https:\/\/storetest.ivi.ee\/product\/corn-starch-ruf-400g\/"},"modified":"2026-04-23T08:09:23","modified_gmt":"2026-04-23T06:09:23","slug":"maisitarklis-ruf-400g","status":"publish","type":"product","link":"https:\/\/candeebaar.ee\/et\/pood\/maisitarklis-ruf-400g\/","title":{"rendered":"Maisit\u00e4rklis Ruf 400g"},"content":{"rendered":"<p>Toidulisandina kasutatakse maisit\u00e4rklist paljude toiduainete paksendamiseks, tarretiste, kastmete ja kastmete valmistamiseks.<br \/>\nSisu 100g kohta:<br \/>\n1488kJ 350kcal<br \/>\nRasvad (k\u00fcllastunud): 0,5 g (0 g)<br \/>\nS\u00fcsivesikud (suhkrud): 87g (0g)<br \/>\nValgud: 0,5 g<br \/>\nSool: 0,09 g<br \/>\nKaal: 400g<br \/>\nV\u00f5ib sisaldada j\u00e4lgi <strong>gluteen<\/strong> ja <strong>laktoos<\/strong>.<br \/>\nHoida kuivas kohas suletud pakendis.<\/p>","protected":false},"excerpt":{"rendered":"<p>Toidulisandina kasutatakse maisit\u00e4rklist paljude toiduainete paksendamiseks, tarretiste, kastmete ja kastmete valmistamiseks. Sisaldus 100 g kohta: 1488 kJ 350 kcal Rasvad (k\u00fcllastunud): 0,5 g (0 g) S\u00fcsivesikud (suhkrud): 87 g (0 g) Valgud: 0,5 g Sool: 0,09 g Mass: 400 g V\u00f5ib sisaldada j\u00e4lgi gluteeni ja laktoosi. Hoida kuivas kohas suletud pakendis.<\/p>","protected":false},"featured_media":4948,"template":"","meta":{"_seopress_robots_primary_cat":"","_seopress_titles_title":"","_seopress_titles_desc":"","_seopress_robots_index":""},"product_brand":[],"product_cat":[15,100,109],"product_tag":[],"class_list":{"0":"post-4946","1":"product","2":"type-product","3":"status-publish","4":"has-post-thumbnail","6":"product_cat-all-products","7":"product_cat-thickeners","8":"product_cat-sale","10":"first","11":"instock","12":"sale","13":"taxable","14":"shipping-taxable","15":"purchasable","16":"product-type-simple"},"_links":{"self":[{"href":"https:\/\/candeebaar.ee\/et\/wp-json\/wp\/v2\/product\/4946","targetHints":{"allow":["GET"]}}],"collection":[{"href":"https:\/\/candeebaar.ee\/et\/wp-json\/wp\/v2\/product"}],"about":[{"href":"https:\/\/candeebaar.ee\/et\/wp-json\/wp\/v2\/types\/product"}],"version-history":[{"count":1,"href":"https:\/\/candeebaar.ee\/et\/wp-json\/wp\/v2\/product\/4946\/revisions"}],"predecessor-version":[{"id":4947,"href":"https:\/\/candeebaar.ee\/et\/wp-json\/wp\/v2\/product\/4946\/revisions\/4947"}],"wp:featuredmedia":[{"embeddable":true,"href":"https:\/\/candeebaar.ee\/et\/wp-json\/wp\/v2\/media\/4948"}],"wp:attachment":[{"href":"https:\/\/candeebaar.ee\/et\/wp-json\/wp\/v2\/media?parent=4946"}],"wp:term":[{"taxonomy":"product_brand","embeddable":true,"href":"https:\/\/candeebaar.ee\/et\/wp-json\/wp\/v2\/product_brand?post=4946"},{"taxonomy":"product_cat","embeddable":true,"href":"https:\/\/candeebaar.ee\/et\/wp-json\/wp\/v2\/product_cat?post=4946"},{"taxonomy":"product_tag","embeddable":true,"href":"https:\/\/candeebaar.ee\/et\/wp-json\/wp\/v2\/product_tag?post=4946"}],"curies":[{"name":"t\u00f6\u00f6leht","href":"https:\/\/api.w.org\/{rel}","templated":true}]}}