{"id":4958,"date":"2024-12-31T20:07:25","date_gmt":"2024-12-31T20:07:25","guid":{"rendered":"https:\/\/storetest.ivi.ee\/product\/gift-card-20e\/"},"modified":"2024-12-31T20:07:35","modified_gmt":"2024-12-31T20:07:35","slug":"kinkekaart-20e","status":"publish","type":"product","link":"https:\/\/candeebaar.ee\/et\/pood\/kinkekaart-20e\/","title":{"rendered":"Kinkekaart 20\u20ac"},"content":{"rendered":"<p>Kinkekaart meie poes ostlemiseks.<br \/>\n Meie kauplus pakub kinkekaarditeenust, v\u00f5imalusega kasutada nii digitaalset kui f\u00fc\u00fcsilist versiooni. Igale kaardile m\u00e4\u00e4ratakse kordumatu number, mis tuleb sisestada ostmisel tellimuse kommentaaridesse. Kinkekaarti ostes t\u00e4psustage, millist kaardivalikut soovite saada. Eelistatav on kaarti kasutada \u00fches tehingus. Kaart kehtib 1 aasta.<\/p>","protected":false},"excerpt":{"rendered":"<p>Kinkekaart meie kaupluses ostmiseks. Meie kauplus pakub kinkekaarditeenust, v\u00f5imalusega kasutada nii digitaalset kui f\u00fc\u00fcsilist versiooni. Igale kaardile m\u00e4\u00e4ratakse kordumatu number, mis tuleb sisestada ostmisel tellimuse kommentaaridesse. Kinkekaardi ostmisel t\u00e4psustage, millist kaardivalikut soovite [\u2026]<\/p>","protected":false},"featured_media":4960,"template":"","meta":{"_seopress_robots_primary_cat":"","_seopress_titles_title":"","_seopress_titles_desc":"","_seopress_robots_index":""},"product_brand":[],"product_cat":[15],"product_tag":[],"class_list":{"0":"post-4958","1":"product","2":"type-product","3":"status-publish","4":"has-post-thumbnail","6":"product_cat-all-products","8":"first","9":"instock","10":"taxable","11":"shipping-taxable","12":"purchasable","13":"product-type-simple"},"_links":{"self":[{"href":"https:\/\/candeebaar.ee\/et\/wp-json\/wp\/v2\/product\/4958","targetHints":{"allow":["GET"]}}],"collection":[{"href":"https:\/\/candeebaar.ee\/et\/wp-json\/wp\/v2\/product"}],"about":[{"href":"https:\/\/candeebaar.ee\/et\/wp-json\/wp\/v2\/types\/product"}],"version-history":[{"count":1,"href":"https:\/\/candeebaar.ee\/et\/wp-json\/wp\/v2\/product\/4958\/revisions"}],"predecessor-version":[{"id":4959,"href":"https:\/\/candeebaar.ee\/et\/wp-json\/wp\/v2\/product\/4958\/revisions\/4959"}],"wp:featuredmedia":[{"embeddable":true,"href":"https:\/\/candeebaar.ee\/et\/wp-json\/wp\/v2\/media\/4960"}],"wp:attachment":[{"href":"https:\/\/candeebaar.ee\/et\/wp-json\/wp\/v2\/media?parent=4958"}],"wp:term":[{"taxonomy":"product_brand","embeddable":true,"href":"https:\/\/candeebaar.ee\/et\/wp-json\/wp\/v2\/product_brand?post=4958"},{"taxonomy":"product_cat","embeddable":true,"href":"https:\/\/candeebaar.ee\/et\/wp-json\/wp\/v2\/product_cat?post=4958"},{"taxonomy":"product_tag","embeddable":true,"href":"https:\/\/candeebaar.ee\/et\/wp-json\/wp\/v2\/product_tag?post=4958"}],"curies":[{"name":"t\u00f6\u00f6leht","href":"https:\/\/api.w.org\/{rel}","templated":true}]}}