{"id":4992,"date":"2024-12-31T20:07:40","date_gmt":"2024-12-31T20:07:40","guid":{"rendered":"https:\/\/storetest.ivi.ee\/product\/base-200x1mm\/"},"modified":"2025-10-18T10:14:47","modified_gmt":"2025-10-18T08:14:47","slug":"pohi-200x1mm","status":"publish","type":"product","link":"https:\/\/candeebaar.ee\/et\/pood\/pohi-200x1mm\/","title":{"rendered":"Tordilaud 200x1mm"},"content":{"rendered":"<p>Alus niiskuskindlast papist.<br \/>\nVajalik magustoitude \u00f5igeks s\u00e4ilitamiseks, transportimiseks ja serveerimiseks.<br \/>\nSobib minikookide ja suurte k\u00fcpsetiste jaoks.<br \/>\nPaksus: 1mm<br \/>\nL\u00e4bim\u00f5\u00f5t: 200mm<br \/>\nV\u00e4rvus: kuldne<\/p>","protected":false},"excerpt":{"rendered":"<p>Alus niiskuskindlast papist. Vajalik magustoitude \u00f5igeks s\u00e4ilitamiseks, transportimiseks ja serveerimiseks. Sobib minikookide ja suurte k\u00fcpsetiste jaoks. Paksus: 1mm L\u00e4bim\u00f5\u00f5t: 200mm V\u00e4rvus: kuldne<\/p>","protected":false},"featured_media":0,"template":"","meta":{"_seopress_robots_primary_cat":"none","_seopress_titles_title":"","_seopress_titles_desc":"","_seopress_robots_index":""},"product_brand":[],"product_cat":[15,141],"product_tag":[],"class_list":{"0":"post-4992","1":"product","2":"type-product","3":"status-publish","5":"product_cat-all-products","6":"product_cat-20cm","8":"first","9":"outofstock","10":"taxable","11":"shipping-taxable","12":"purchasable","13":"product-type-simple"},"_links":{"self":[{"href":"https:\/\/candeebaar.ee\/et\/wp-json\/wp\/v2\/product\/4992","targetHints":{"allow":["GET"]}}],"collection":[{"href":"https:\/\/candeebaar.ee\/et\/wp-json\/wp\/v2\/product"}],"about":[{"href":"https:\/\/candeebaar.ee\/et\/wp-json\/wp\/v2\/types\/product"}],"version-history":[{"count":2,"href":"https:\/\/candeebaar.ee\/et\/wp-json\/wp\/v2\/product\/4992\/revisions"}],"predecessor-version":[{"id":9152,"href":"https:\/\/candeebaar.ee\/et\/wp-json\/wp\/v2\/product\/4992\/revisions\/9152"}],"wp:attachment":[{"href":"https:\/\/candeebaar.ee\/et\/wp-json\/wp\/v2\/media?parent=4992"}],"wp:term":[{"taxonomy":"product_brand","embeddable":true,"href":"https:\/\/candeebaar.ee\/et\/wp-json\/wp\/v2\/product_brand?post=4992"},{"taxonomy":"product_cat","embeddable":true,"href":"https:\/\/candeebaar.ee\/et\/wp-json\/wp\/v2\/product_cat?post=4992"},{"taxonomy":"product_tag","embeddable":true,"href":"https:\/\/candeebaar.ee\/et\/wp-json\/wp\/v2\/product_tag?post=4992"}],"curies":[{"name":"t\u00f6\u00f6leht","href":"https:\/\/api.w.org\/{rel}","templated":true}]}}