{"id":4994,"date":"2024-12-31T20:07:40","date_gmt":"2024-12-31T20:07:40","guid":{"rendered":"https:\/\/storetest.ivi.ee\/product\/base-240x1mm-gold\/"},"modified":"2025-04-02T11:23:22","modified_gmt":"2025-04-02T09:23:22","slug":"pohi-240x1mm-kuldne","status":"publish","type":"product","link":"https:\/\/candeebaar.ee\/et\/pood\/pohi-240x1mm-kuldne\/","title":{"rendered":"Koogilaud 240x1mm kuldne"},"content":{"rendered":"<p>Alus on valmistatud niiskuskindlast papist ja on kahepoolne.<br \/>\nSee on vajalik magustoitude n\u00f5uetekohaseks s\u00e4ilitamiseks, transportimiseks ja serveerimiseks.<br \/>\nSobib minikookide ja suurte k\u00fcpsetiste jaoks.<br \/>\nPaksus 1mm<br \/>\nL\u00e4bim\u00f5\u00f5t 240 mm<br \/>\nV\u00e4rvus: kuldne<\/p>","protected":false},"excerpt":{"rendered":"<p>Alus on valmistatud niiskuskindlast papist ja on kahepoolne. See on vajalik magustoitude n\u00f5uetekohaseks s\u00e4ilitamiseks, transportimiseks ja serveerimiseks. Sobib minikookide ja suurte k\u00fcpsetiste jaoks. Paksus 1mm Diameeter 240mm V\u00e4rvus: kuldne<\/p>","protected":false},"featured_media":0,"template":"","meta":{"_seopress_robots_primary_cat":"","_seopress_titles_title":"","_seopress_titles_desc":"","_seopress_robots_index":""},"product_brand":[],"product_cat":[15,143],"product_tag":[],"class_list":{"0":"post-4994","1":"product","2":"type-product","3":"status-publish","5":"product_cat-all-products","6":"product_cat-24cm","8":"first","9":"outofstock","10":"taxable","11":"shipping-taxable","12":"purchasable","13":"product-type-simple"},"_links":{"self":[{"href":"https:\/\/candeebaar.ee\/et\/wp-json\/wp\/v2\/product\/4994","targetHints":{"allow":["GET"]}}],"collection":[{"href":"https:\/\/candeebaar.ee\/et\/wp-json\/wp\/v2\/product"}],"about":[{"href":"https:\/\/candeebaar.ee\/et\/wp-json\/wp\/v2\/types\/product"}],"version-history":[{"count":2,"href":"https:\/\/candeebaar.ee\/et\/wp-json\/wp\/v2\/product\/4994\/revisions"}],"predecessor-version":[{"id":9154,"href":"https:\/\/candeebaar.ee\/et\/wp-json\/wp\/v2\/product\/4994\/revisions\/9154"}],"wp:attachment":[{"href":"https:\/\/candeebaar.ee\/et\/wp-json\/wp\/v2\/media?parent=4994"}],"wp:term":[{"taxonomy":"product_brand","embeddable":true,"href":"https:\/\/candeebaar.ee\/et\/wp-json\/wp\/v2\/product_brand?post=4994"},{"taxonomy":"product_cat","embeddable":true,"href":"https:\/\/candeebaar.ee\/et\/wp-json\/wp\/v2\/product_cat?post=4994"},{"taxonomy":"product_tag","embeddable":true,"href":"https:\/\/candeebaar.ee\/et\/wp-json\/wp\/v2\/product_tag?post=4994"}],"curies":[{"name":"t\u00f6\u00f6leht","href":"https:\/\/api.w.org\/{rel}","templated":true}]}}