{"id":5020,"date":"2024-12-31T20:07:40","date_gmt":"2024-12-31T20:07:40","guid":{"rendered":"https:\/\/storetest.ivi.ee\/product\/box-for-3-cupcakes-with-a-double-sided-window\/"},"modified":"2026-04-06T21:16:22","modified_gmt":"2026-04-06T19:16:22","slug":"kahepoolse-aknaga-karp-3-koogi-jaoks","status":"publish","type":"product","link":"https:\/\/candeebaar.ee\/et\/pood\/kahepoolse-aknaga-karp-3-koogi-jaoks\/","title":{"rendered":"Kahepoolse aknaga karp 3 koogi jaoks"},"content":{"rendered":"<p>Karp 3 koogikese jaoks<br \/>\nSellel on spetsiaalne vahet\u00fckk, mis hoiab koogikesi kindlalt paigal. Aken l\u00e4bipaistvast plastikust.<br \/>\nLaius 10cm<br \/>\nPikkus 25cm<br \/>\nK\u00f5rgus 10cm<br \/>\nKahev\u00e4rviline: valge ja kraft<br \/>\nMaterjal: papp<br \/>\nLihtne kokku panna.<\/p>\n<p>&nbsp;<\/p>","protected":false},"excerpt":{"rendered":"<p>Karp 3 koogi jaoks Sellel on spetsiaalne vahet\u00fckk, mis hoiab koogikesi kindlalt paigal. Aken l\u00e4bipaistvast plastikust. Laius 10cm Pikkus 25cm K\u00f5rgus 10cm Kahev\u00e4rviline: valge ja kraft Materjal: papp Lihtne kokku panna. &nbsp;<\/p>","protected":false},"featured_media":5022,"template":"","meta":{"_seopress_robots_primary_cat":"none","_seopress_titles_title":"","_seopress_titles_desc":"","_seopress_robots_index":""},"product_brand":[],"product_cat":[15,152],"product_tag":[],"class_list":{"0":"post-5020","1":"product","2":"type-product","3":"status-publish","4":"has-post-thumbnail","6":"product_cat-all-products","7":"product_cat-cupcakes","9":"first","10":"instock","11":"taxable","12":"shipping-taxable","13":"purchasable","14":"product-type-simple"},"_links":{"self":[{"href":"https:\/\/candeebaar.ee\/et\/wp-json\/wp\/v2\/product\/5020","targetHints":{"allow":["GET"]}}],"collection":[{"href":"https:\/\/candeebaar.ee\/et\/wp-json\/wp\/v2\/product"}],"about":[{"href":"https:\/\/candeebaar.ee\/et\/wp-json\/wp\/v2\/types\/product"}],"version-history":[{"count":2,"href":"https:\/\/candeebaar.ee\/et\/wp-json\/wp\/v2\/product\/5020\/revisions"}],"predecessor-version":[{"id":13681,"href":"https:\/\/candeebaar.ee\/et\/wp-json\/wp\/v2\/product\/5020\/revisions\/13681"}],"wp:featuredmedia":[{"embeddable":true,"href":"https:\/\/candeebaar.ee\/et\/wp-json\/wp\/v2\/media\/5022"}],"wp:attachment":[{"href":"https:\/\/candeebaar.ee\/et\/wp-json\/wp\/v2\/media?parent=5020"}],"wp:term":[{"taxonomy":"product_brand","embeddable":true,"href":"https:\/\/candeebaar.ee\/et\/wp-json\/wp\/v2\/product_brand?post=5020"},{"taxonomy":"product_cat","embeddable":true,"href":"https:\/\/candeebaar.ee\/et\/wp-json\/wp\/v2\/product_cat?post=5020"},{"taxonomy":"product_tag","embeddable":true,"href":"https:\/\/candeebaar.ee\/et\/wp-json\/wp\/v2\/product_tag?post=5020"}],"curies":[{"name":"t\u00f6\u00f6leht","href":"https:\/\/api.w.org\/{rel}","templated":true}]}}