{"id":5023,"date":"2024-12-31T20:07:53","date_gmt":"2024-12-31T20:07:53","guid":{"rendered":"https:\/\/storetest.ivi.ee\/product\/gel-food-coloring-black-modecor-20g\/"},"modified":"2025-01-02T19:42:39","modified_gmt":"2025-01-02T19:42:39","slug":"geel-toiduvarv-must-modecor-20g","status":"publish","type":"product","link":"https:\/\/candeebaar.ee\/et\/pood\/geel-toiduvarv-must-modecor-20g\/","title":{"rendered":"Geeltoiduv\u00e4rv Black Modecor 20g"},"content":{"rendered":"<p>Geel-toiduv\u00e4rv &quot;must&quot;<br \/>\nVeega lahjendatud, kasutatakse mustrite loomiseks ja kreemide, taigna v\u00e4rvimiseks ja muuks toiduks.<br \/>\nKoostis: gl\u00fckoosisiirup, vesi, sahharoos, v\u00e4rvained E102, E151, E122, E133, E110, agar-agar, E330, E202.<br \/>\n*v\u00f5ib avaldada negatiivset m\u00f5ju laste aktiivsusele ja t\u00e4helepanuv\u00f5imele.<br \/>\nKaal: 20 g<br \/>\nTootja: Modecor, Itaalia<\/p>","protected":false},"excerpt":{"rendered":"<p>Gel food coloring &#8220;Black&#8221; Diluted with water, used for creating patterns and coloring creams, dough, and other food purposes. Composition: glucose syrup, water, sucrose, dye E102, E151, E122, E133, E110, agar-agar, E330, E202. *may have an adverse effect on the activity and attention of children. Mass: 20g Manufacturer: Modecor, Italy<\/p>","protected":false},"featured_media":5025,"template":"","meta":{"_seopress_robots_primary_cat":"","_seopress_titles_title":"","_seopress_titles_desc":"","_seopress_robots_index":""},"product_brand":[],"product_cat":[15,114],"product_tag":[],"class_list":{"0":"post-5023","1":"product","2":"type-product","3":"status-publish","4":"has-post-thumbnail","6":"product_cat-all-products","7":"product_cat-gel-water-soluble","9":"first","10":"outofstock","11":"taxable","12":"shipping-taxable","13":"purchasable","14":"product-type-simple"},"_links":{"self":[{"href":"https:\/\/candeebaar.ee\/et\/wp-json\/wp\/v2\/product\/5023","targetHints":{"allow":["GET"]}}],"collection":[{"href":"https:\/\/candeebaar.ee\/et\/wp-json\/wp\/v2\/product"}],"about":[{"href":"https:\/\/candeebaar.ee\/et\/wp-json\/wp\/v2\/types\/product"}],"version-history":[{"count":1,"href":"https:\/\/candeebaar.ee\/et\/wp-json\/wp\/v2\/product\/5023\/revisions"}],"predecessor-version":[{"id":5024,"href":"https:\/\/candeebaar.ee\/et\/wp-json\/wp\/v2\/product\/5023\/revisions\/5024"}],"wp:featuredmedia":[{"embeddable":true,"href":"https:\/\/candeebaar.ee\/et\/wp-json\/wp\/v2\/media\/5025"}],"wp:attachment":[{"href":"https:\/\/candeebaar.ee\/et\/wp-json\/wp\/v2\/media?parent=5023"}],"wp:term":[{"taxonomy":"product_brand","embeddable":true,"href":"https:\/\/candeebaar.ee\/et\/wp-json\/wp\/v2\/product_brand?post=5023"},{"taxonomy":"product_cat","embeddable":true,"href":"https:\/\/candeebaar.ee\/et\/wp-json\/wp\/v2\/product_cat?post=5023"},{"taxonomy":"product_tag","embeddable":true,"href":"https:\/\/candeebaar.ee\/et\/wp-json\/wp\/v2\/product_tag?post=5023"}],"curies":[{"name":"t\u00f6\u00f6leht","href":"https:\/\/api.w.org\/{rel}","templated":true}]}}