{"id":5029,"date":"2024-12-31T20:07:53","date_gmt":"2024-12-31T20:07:53","guid":{"rendered":"https:\/\/storetest.ivi.ee\/product\/gel-food-coloring-light-yellow-modecor-20g\/"},"modified":"2025-03-10T13:18:54","modified_gmt":"2025-03-10T11:18:54","slug":"geeljas-toiduvarv-helekollane-modecor-20g","status":"publish","type":"product","link":"https:\/\/candeebaar.ee\/et\/pood\/geeljas-toiduvarv-helekollane-modecor-20g\/","title":{"rendered":"Geeltoiduv\u00e4rv Light Yellow Modecor 20g"},"content":{"rendered":"<p>Geel-toiduv\u00e4rv &quot;Helekollane&quot;<br \/>\nVeega lahjendatud, kasutatakse mustrite loomiseks ja kreemide, taigna v\u00e4rvimiseks ja muuks toiduks.<br \/>\nKoostis: gl\u00fckoosisiirup, vesi, sahharoos, v\u00e4rvaine E104, agar-agar, E330, E202.<br \/>\n*v\u00f5ib avaldada negatiivset m\u00f5ju laste aktiivsusele ja t\u00e4helepanuv\u00f5imele.<br \/>\nKaal: 20 g<br \/>\nTootja: Modecor, Itaalia<\/p>","protected":false},"excerpt":{"rendered":"<p>Geel-toiduv\u00e4rv \u201cHelekollane\u201d Veega lahjendatud, kasutatakse mustrite loomiseks ja kreemide, taigna ja muuks toiduks v\u00e4rvimiseks. Koostis: gl\u00fckoosisiirup, vesi, sahharoos, v\u00e4rvaine E104, agar-agar, E330, E202. *v\u00f5ib avaldada negatiivset m\u00f5ju laste aktiivsusele ja t\u00e4helepanuv\u00f5imele. Mass: 20g Tootja: Modecor, Itaalia<\/p>","protected":false},"featured_media":5031,"template":"","meta":{"_seopress_robots_primary_cat":"none","_seopress_titles_title":"","_seopress_titles_desc":"","_seopress_robots_index":""},"product_brand":[],"product_cat":[15,114,109],"product_tag":[],"class_list":{"0":"post-5029","1":"product","2":"type-product","3":"status-publish","4":"has-post-thumbnail","6":"product_cat-all-products","7":"product_cat-gel-water-soluble","8":"product_cat-sale","10":"first","11":"outofstock","12":"sale","13":"taxable","14":"shipping-taxable","15":"purchasable","16":"product-type-simple"},"_links":{"self":[{"href":"https:\/\/candeebaar.ee\/et\/wp-json\/wp\/v2\/product\/5029","targetHints":{"allow":["GET"]}}],"collection":[{"href":"https:\/\/candeebaar.ee\/et\/wp-json\/wp\/v2\/product"}],"about":[{"href":"https:\/\/candeebaar.ee\/et\/wp-json\/wp\/v2\/types\/product"}],"version-history":[{"count":1,"href":"https:\/\/candeebaar.ee\/et\/wp-json\/wp\/v2\/product\/5029\/revisions"}],"predecessor-version":[{"id":5030,"href":"https:\/\/candeebaar.ee\/et\/wp-json\/wp\/v2\/product\/5029\/revisions\/5030"}],"wp:featuredmedia":[{"embeddable":true,"href":"https:\/\/candeebaar.ee\/et\/wp-json\/wp\/v2\/media\/5031"}],"wp:attachment":[{"href":"https:\/\/candeebaar.ee\/et\/wp-json\/wp\/v2\/media?parent=5029"}],"wp:term":[{"taxonomy":"product_brand","embeddable":true,"href":"https:\/\/candeebaar.ee\/et\/wp-json\/wp\/v2\/product_brand?post=5029"},{"taxonomy":"product_cat","embeddable":true,"href":"https:\/\/candeebaar.ee\/et\/wp-json\/wp\/v2\/product_cat?post=5029"},{"taxonomy":"product_tag","embeddable":true,"href":"https:\/\/candeebaar.ee\/et\/wp-json\/wp\/v2\/product_tag?post=5029"}],"curies":[{"name":"t\u00f6\u00f6leht","href":"https:\/\/api.w.org\/{rel}","templated":true}]}}