{"id":5041,"date":"2024-12-31T20:07:53","date_gmt":"2024-12-31T20:07:53","guid":{"rendered":"https:\/\/storetest.ivi.ee\/product\/box-for-cake-31-31-30cm\/"},"modified":"2025-05-15T22:04:00","modified_gmt":"2025-05-15T20:04:00","slug":"karp-koogile-31-31-30cm","status":"publish","type":"product","link":"https:\/\/candeebaar.ee\/et\/pood\/karp-koogile-31-31-30cm\/","title":{"rendered":"Karp koogile 31 31 30cm"},"content":{"rendered":"<p>Karp suure k\u00f5rge koogi jaoks.<br \/>\nLaius: 31 cm<br \/>\nK\u00f5rgus: 30 cm<br \/>\nV\u00e4rv: valge<br \/>\nMaterjal: mikrolainepapp.<\/p>\n<p>&nbsp;<\/p>","protected":false},"excerpt":{"rendered":"<p>Karp suure k\u00f5rge koogi jaoks. Laius: 31cm K\u00f5rgus: 30cm V\u00e4rvus: valge Materjal: mikrolainepapp. &nbsp;<\/p>","protected":false},"featured_media":4897,"template":"","meta":{"_seopress_robots_primary_cat":"none","_seopress_titles_title":"","_seopress_titles_desc":"","_seopress_robots_index":""},"product_brand":[],"product_cat":[15,135,136],"product_tag":[],"class_list":{"0":"post-5041","1":"product","2":"type-product","3":"status-publish","4":"has-post-thumbnail","6":"product_cat-all-products","7":"product_cat-31cm-base-and-bigger","8":"product_cat-tall-cake-boxes-h25cm","10":"first","11":"outofstock","12":"taxable","13":"shipping-taxable","14":"purchasable","15":"product-type-simple"},"_links":{"self":[{"href":"https:\/\/candeebaar.ee\/et\/wp-json\/wp\/v2\/product\/5041","targetHints":{"allow":["GET"]}}],"collection":[{"href":"https:\/\/candeebaar.ee\/et\/wp-json\/wp\/v2\/product"}],"about":[{"href":"https:\/\/candeebaar.ee\/et\/wp-json\/wp\/v2\/types\/product"}],"version-history":[{"count":1,"href":"https:\/\/candeebaar.ee\/et\/wp-json\/wp\/v2\/product\/5041\/revisions"}],"predecessor-version":[{"id":5042,"href":"https:\/\/candeebaar.ee\/et\/wp-json\/wp\/v2\/product\/5041\/revisions\/5042"}],"wp:featuredmedia":[{"embeddable":true,"href":"https:\/\/candeebaar.ee\/et\/wp-json\/wp\/v2\/media\/4897"}],"wp:attachment":[{"href":"https:\/\/candeebaar.ee\/et\/wp-json\/wp\/v2\/media?parent=5041"}],"wp:term":[{"taxonomy":"product_brand","embeddable":true,"href":"https:\/\/candeebaar.ee\/et\/wp-json\/wp\/v2\/product_brand?post=5041"},{"taxonomy":"product_cat","embeddable":true,"href":"https:\/\/candeebaar.ee\/et\/wp-json\/wp\/v2\/product_cat?post=5041"},{"taxonomy":"product_tag","embeddable":true,"href":"https:\/\/candeebaar.ee\/et\/wp-json\/wp\/v2\/product_tag?post=5041"}],"curies":[{"name":"t\u00f6\u00f6leht","href":"https:\/\/api.w.org\/{rel}","templated":true}]}}