{"id":5046,"date":"2024-12-31T20:07:53","date_gmt":"2024-12-31T20:07:53","guid":{"rendered":"https:\/\/storetest.ivi.ee\/product\/gel-food-coloring-beige-modecor-20g\/"},"modified":"2025-02-22T20:28:03","modified_gmt":"2025-02-22T18:28:03","slug":"geel-toiduvarv-beez-modecor-20g","status":"publish","type":"product","link":"https:\/\/candeebaar.ee\/et\/pood\/geel-toiduvarv-beez-modecor-20g\/","title":{"rendered":"Geeltoiduv\u00e4rv Beige Modecor 20g"},"content":{"rendered":"<p>Geeltoiduv\u00e4rv &quot;Beige&quot;<br \/>\nLahustub vees, kasutatakse mustrite loomiseks ja kreemide v\u00e4rvimiseks, taignaks ja muuks toiduks.<br \/>\nKoostis: gl\u00fckoosisiirup, vesi, sahharoos, v\u00e4rvained E102, E122, E133, agar-agar, E330, E202.<br \/>\n*v\u00f5ib avaldada negatiivset m\u00f5ju laste aktiivsusele ja t\u00e4helepanuv\u00f5imele.<br \/>\nKaal: 20 g<br \/>\nTootja: Modecor, Itaalia<\/p>","protected":false},"excerpt":{"rendered":"<p>Geel-toiduv\u00e4rv &quot;Bee\u017e&quot; Lahustub vees, kasutatakse mustrite loomiseks ja v\u00e4rvimiseks kreemid, tainas ja muul toiduotstarbel. Koostis: gl\u00fckoosisiirup, vesi, sahharoos, v\u00e4rvained E102, E122, E133, agar-agar, E330, E202. *v\u00f5ib avaldada negatiivset m\u00f5ju laste aktiivsusele ja t\u00e4helepanuv\u00f5imele. Mass: 20g Tootja: Modecor, Itaalia<\/p>","protected":false},"featured_media":5048,"template":"","meta":{"_seopress_robots_primary_cat":"","_seopress_titles_title":"","_seopress_titles_desc":"","_seopress_robots_index":""},"product_brand":[],"product_cat":[15,114],"product_tag":[],"class_list":{"0":"post-5046","1":"product","2":"type-product","3":"status-publish","4":"has-post-thumbnail","6":"product_cat-all-products","7":"product_cat-gel-water-soluble","9":"first","10":"outofstock","11":"sale","12":"taxable","13":"shipping-taxable","14":"purchasable","15":"product-type-simple"},"_links":{"self":[{"href":"https:\/\/candeebaar.ee\/et\/wp-json\/wp\/v2\/product\/5046","targetHints":{"allow":["GET"]}}],"collection":[{"href":"https:\/\/candeebaar.ee\/et\/wp-json\/wp\/v2\/product"}],"about":[{"href":"https:\/\/candeebaar.ee\/et\/wp-json\/wp\/v2\/types\/product"}],"version-history":[{"count":1,"href":"https:\/\/candeebaar.ee\/et\/wp-json\/wp\/v2\/product\/5046\/revisions"}],"predecessor-version":[{"id":5047,"href":"https:\/\/candeebaar.ee\/et\/wp-json\/wp\/v2\/product\/5046\/revisions\/5047"}],"wp:featuredmedia":[{"embeddable":true,"href":"https:\/\/candeebaar.ee\/et\/wp-json\/wp\/v2\/media\/5048"}],"wp:attachment":[{"href":"https:\/\/candeebaar.ee\/et\/wp-json\/wp\/v2\/media?parent=5046"}],"wp:term":[{"taxonomy":"product_brand","embeddable":true,"href":"https:\/\/candeebaar.ee\/et\/wp-json\/wp\/v2\/product_brand?post=5046"},{"taxonomy":"product_cat","embeddable":true,"href":"https:\/\/candeebaar.ee\/et\/wp-json\/wp\/v2\/product_cat?post=5046"},{"taxonomy":"product_tag","embeddable":true,"href":"https:\/\/candeebaar.ee\/et\/wp-json\/wp\/v2\/product_tag?post=5046"}],"curies":[{"name":"t\u00f6\u00f6leht","href":"https:\/\/api.w.org\/{rel}","templated":true}]}}