{"id":5060,"date":"2024-12-31T20:07:53","date_gmt":"2024-12-31T20:07:53","guid":{"rendered":"https:\/\/storetest.ivi.ee\/product\/gel-food-coloring-azure-modecor-20g\/"},"modified":"2025-03-22T22:08:17","modified_gmt":"2025-03-22T20:08:17","slug":"geel-toiduvarv-azure-modecor-20g","status":"publish","type":"product","link":"https:\/\/candeebaar.ee\/et\/pood\/geel-toiduvarv-azure-modecor-20g\/","title":{"rendered":"Geeltoiduv\u00e4rv Azure Modecor 20g (19.12.2024)"},"content":{"rendered":"<p>Geel-toiduv\u00e4rv &quot;Azure&quot;<br \/>\nLahustub vees, kasutatakse mustrite loomiseks ja kreemide v\u00e4rvimiseks, taignaks ja muuks toiduks.<br \/>\nKoostis: gl\u00fckoosisiirup, vesi, sahharoos, v\u00e4rvained E102, E133, agar-agar, E330, E202.<br \/>\n*v\u00f5ib avaldada negatiivset m\u00f5ju laste aktiivsusele ja t\u00e4helepanuv\u00f5imele.<br \/>\nKaal: 20 g<br \/>\nTootja: Modecor, Itaalia<\/p>","protected":false},"excerpt":{"rendered":"<p>Geel-toiduv\u00e4rv \u201cAzure\u201d Lahustub vees, kasutatakse mustrite loomiseks ja kreemide v\u00e4rvimiseks, taignaks ja muuks toiduks. Koostis: gl\u00fckoosisiirup, vesi, sahharoos, v\u00e4rvained E102, E133, agar-agar, E330, E202. *v\u00f5ib avaldada negatiivset m\u00f5ju laste aktiivsusele ja t\u00e4helepanuv\u00f5imele. Mass: 20g Tootja: Modecor, Itaalia<\/p>","protected":false},"featured_media":5049,"template":"","meta":{"_seopress_robots_primary_cat":"","_seopress_titles_title":"","_seopress_titles_desc":"","_seopress_robots_index":""},"product_brand":[],"product_cat":[15,114,109],"product_tag":[],"class_list":{"0":"post-5060","1":"product","2":"type-product","3":"status-publish","4":"has-post-thumbnail","6":"product_cat-all-products","7":"product_cat-gel-water-soluble","8":"product_cat-sale","10":"first","11":"outofstock","12":"sale","13":"taxable","14":"shipping-taxable","15":"purchasable","16":"product-type-simple"},"_links":{"self":[{"href":"https:\/\/candeebaar.ee\/et\/wp-json\/wp\/v2\/product\/5060","targetHints":{"allow":["GET"]}}],"collection":[{"href":"https:\/\/candeebaar.ee\/et\/wp-json\/wp\/v2\/product"}],"about":[{"href":"https:\/\/candeebaar.ee\/et\/wp-json\/wp\/v2\/types\/product"}],"version-history":[{"count":2,"href":"https:\/\/candeebaar.ee\/et\/wp-json\/wp\/v2\/product\/5060\/revisions"}],"predecessor-version":[{"id":9658,"href":"https:\/\/candeebaar.ee\/et\/wp-json\/wp\/v2\/product\/5060\/revisions\/9658"}],"wp:featuredmedia":[{"embeddable":true,"href":"https:\/\/candeebaar.ee\/et\/wp-json\/wp\/v2\/media\/5049"}],"wp:attachment":[{"href":"https:\/\/candeebaar.ee\/et\/wp-json\/wp\/v2\/media?parent=5060"}],"wp:term":[{"taxonomy":"product_brand","embeddable":true,"href":"https:\/\/candeebaar.ee\/et\/wp-json\/wp\/v2\/product_brand?post=5060"},{"taxonomy":"product_cat","embeddable":true,"href":"https:\/\/candeebaar.ee\/et\/wp-json\/wp\/v2\/product_cat?post=5060"},{"taxonomy":"product_tag","embeddable":true,"href":"https:\/\/candeebaar.ee\/et\/wp-json\/wp\/v2\/product_tag?post=5060"}],"curies":[{"name":"t\u00f6\u00f6leht","href":"https:\/\/api.w.org\/{rel}","templated":true}]}}