{"id":5075,"date":"2024-12-31T20:07:53","date_gmt":"2024-12-31T20:07:53","guid":{"rendered":"https:\/\/storetest.ivi.ee\/product\/candy-bag-10x15cm-100pcs\/"},"modified":"2026-02-18T22:58:28","modified_gmt":"2026-02-18T20:58:28","slug":"kommikott-10x15cm-100tk","status":"publish","type":"product","link":"https:\/\/candeebaar.ee\/et\/pood\/kommikott-10x15cm-100tk\/","title":{"rendered":"Kommikott 10x15cm 100tk"},"content":{"rendered":"<p>L\u00e4bipaistvast toiduplastikust valmistatud kott sobib kommide, koogipopside jms jaoks.<br \/>\nSisaldab 100 tk.<br \/>\nMaterjal: l\u00e4bipaistev pol\u00fcprop\u00fcleen.<br \/>\nM\u00f5\u00f5dud: 10 x 15 cm.<\/p>","protected":false},"excerpt":{"rendered":"<p>L\u00e4bipaistvast toiduplastikust valmistatud kott sobib kommide, koogipopside jms jaoks. Sisaldab 100 tk. Materjal: l\u00e4bipaistev pol\u00fcprop\u00fcleen. M\u00f5\u00f5dud: 10 x 15 cm.<\/p>","protected":false},"featured_media":5077,"template":"","meta":{"_seopress_robots_primary_cat":"none","_seopress_titles_title":"","_seopress_titles_desc":"","_seopress_robots_index":""},"product_brand":[],"product_cat":[182,181,15,95],"product_tag":[],"class_list":{"0":"post-5075","1":"product","2":"type-product","3":"status-publish","4":"has-post-thumbnail","6":"product_cat-christmas","7":"product_cat-christmas-new-year","8":"product_cat-all-products","9":"product_cat-plastic-and-paper-bags","11":"first","12":"instock","13":"taxable","14":"shipping-taxable","15":"purchasable","16":"product-type-simple"},"_links":{"self":[{"href":"https:\/\/candeebaar.ee\/et\/wp-json\/wp\/v2\/product\/5075","targetHints":{"allow":["GET"]}}],"collection":[{"href":"https:\/\/candeebaar.ee\/et\/wp-json\/wp\/v2\/product"}],"about":[{"href":"https:\/\/candeebaar.ee\/et\/wp-json\/wp\/v2\/types\/product"}],"version-history":[{"count":1,"href":"https:\/\/candeebaar.ee\/et\/wp-json\/wp\/v2\/product\/5075\/revisions"}],"predecessor-version":[{"id":5076,"href":"https:\/\/candeebaar.ee\/et\/wp-json\/wp\/v2\/product\/5075\/revisions\/5076"}],"wp:featuredmedia":[{"embeddable":true,"href":"https:\/\/candeebaar.ee\/et\/wp-json\/wp\/v2\/media\/5077"}],"wp:attachment":[{"href":"https:\/\/candeebaar.ee\/et\/wp-json\/wp\/v2\/media?parent=5075"}],"wp:term":[{"taxonomy":"product_brand","embeddable":true,"href":"https:\/\/candeebaar.ee\/et\/wp-json\/wp\/v2\/product_brand?post=5075"},{"taxonomy":"product_cat","embeddable":true,"href":"https:\/\/candeebaar.ee\/et\/wp-json\/wp\/v2\/product_cat?post=5075"},{"taxonomy":"product_tag","embeddable":true,"href":"https:\/\/candeebaar.ee\/et\/wp-json\/wp\/v2\/product_tag?post=5075"}],"curies":[{"name":"t\u00f6\u00f6leht","href":"https:\/\/api.w.org\/{rel}","templated":true}]}}