{"id":5084,"date":"2024-12-31T20:07:57","date_gmt":"2024-12-31T20:07:57","guid":{"rendered":"https:\/\/storetest.ivi.ee\/product\/callebaut-crispearls-mona-lisa-white-100g\/"},"modified":"2026-03-27T10:15:24","modified_gmt":"2026-03-27T08:15:24","slug":"callebaut-crispearls-mona-lisa-white-100g","status":"publish","type":"product","link":"https:\/\/candeebaar.ee\/et\/pood\/callebaut-crispearls-mona-lisa-white-100g\/","title":{"rendered":"Callebaut Crispearls \u201cMona Lisa\u201d White 100g"},"content":{"rendered":"<p>Kr\u00f5bedad dra\u017eeed valges \u0161okolaadis Callebaut.<br \/>\nSuurep\u00e4rane kaunistus igale magustoidule.<br \/>\nKoostisosad:<br \/>\nValge \u0161okolaad 84% (suhkur, kakaov\u00f5i, kuiv <strong>piima<\/strong>, <strong>piima<\/strong> vadak, emulgaator: sojaletsitiin, vanilliin)<br \/>\nKr\u00f5bedad helbed (<strong>nisu<\/strong> jahu, suhkur, <strong>nisu<\/strong> linnasejahu, <strong>nisu<\/strong> t\u00e4rklis, E500ii, sool, kakaov\u00f5i, vanilliin)<br \/>\ngl\u00fckoosisiirup, E414,<br \/>\nPalli suurus \u2248 5 mm<br \/>\nKaal: 100g<br \/>\nTootja: Callebaut, Belgia<\/p>","protected":false},"excerpt":{"rendered":"<p>Kr\u00f5bedad dra\u017eeed valges \u0161okolaadis Callebaut. Suurep\u00e4rane kaunistus igale magustoidule. Koostis: Valge \u0161okolaad 84% (suhkur, kakaov\u00f5i, kuiv piim, piimavadak, emulgaator: sojaletsitiin, vanilliin) Kr\u00f5bedad helbed (nisujahu, suhkur, nisulinnasejahu, nisut\u00e4rklis, E500ii, sool, kakaov\u00f5i, vanilliin) gl\u00fckoosisiirup , E414, kuuli suurus \u2248 5 mm Mass: 100g Tootja: Callebaut, Belgia<\/p>","protected":false},"featured_media":5086,"template":"","meta":{"_seopress_robots_primary_cat":"none","_seopress_titles_title":"","_seopress_titles_desc":"","_seopress_robots_index":""},"product_brand":[],"product_cat":[180,15,110,104],"product_tag":[],"class_list":{"0":"post-5084","1":"product","2":"type-product","3":"status-publish","4":"has-post-thumbnail","6":"product_cat-wedding-products","7":"product_cat-all-products","8":"product_cat-callebaut","9":"product_cat-sprinkles","10":"brand-callebaut","12":"first","13":"instock","14":"taxable","15":"shipping-taxable","16":"purchasable","17":"product-type-simple"},"_links":{"self":[{"href":"https:\/\/candeebaar.ee\/et\/wp-json\/wp\/v2\/product\/5084","targetHints":{"allow":["GET"]}}],"collection":[{"href":"https:\/\/candeebaar.ee\/et\/wp-json\/wp\/v2\/product"}],"about":[{"href":"https:\/\/candeebaar.ee\/et\/wp-json\/wp\/v2\/types\/product"}],"version-history":[{"count":1,"href":"https:\/\/candeebaar.ee\/et\/wp-json\/wp\/v2\/product\/5084\/revisions"}],"predecessor-version":[{"id":5085,"href":"https:\/\/candeebaar.ee\/et\/wp-json\/wp\/v2\/product\/5084\/revisions\/5085"}],"wp:featuredmedia":[{"embeddable":true,"href":"https:\/\/candeebaar.ee\/et\/wp-json\/wp\/v2\/media\/5086"}],"wp:attachment":[{"href":"https:\/\/candeebaar.ee\/et\/wp-json\/wp\/v2\/media?parent=5084"}],"wp:term":[{"taxonomy":"product_brand","embeddable":true,"href":"https:\/\/candeebaar.ee\/et\/wp-json\/wp\/v2\/product_brand?post=5084"},{"taxonomy":"product_cat","embeddable":true,"href":"https:\/\/candeebaar.ee\/et\/wp-json\/wp\/v2\/product_cat?post=5084"},{"taxonomy":"product_tag","embeddable":true,"href":"https:\/\/candeebaar.ee\/et\/wp-json\/wp\/v2\/product_tag?post=5084"}],"curies":[{"name":"t\u00f6\u00f6leht","href":"https:\/\/api.w.org\/{rel}","templated":true}]}}