{"id":5117,"date":"2024-12-31T20:07:57","date_gmt":"2024-12-31T20:07:57","guid":{"rendered":"https:\/\/storetest.ivi.ee\/product\/metal-baking-mold-round-adjustable-16-30cm-85mm\/"},"modified":"2026-04-12T21:07:20","modified_gmt":"2026-04-12T19:07:20","slug":"metallist-kupsetusvorm-ummargune-reguleeritav-16-30cm-85mm","status":"publish","type":"product","link":"https:\/\/candeebaar.ee\/et\/pood\/metallist-kupsetusvorm-ummargune-reguleeritav-16-30cm-85mm\/","title":{"rendered":"Metallist k\u00fcpsetusvorm \u00fcmmargune reguleeritav 16-30cm 85mm"},"content":{"rendered":"<p>Reguleeritav vorm \u00fcmmarguste kookide jaoks igas suuruses 16-30 cm.<br \/>\n K\u00f5rgus: 85 mm<br \/>\n Materjal: roostevaba teras<br \/>\n Tootja: Hiina<\/p>\n<p> &nbsp;<\/p>","protected":false},"excerpt":{"rendered":"<p>Reguleeritav vorm \u00fcmmarguste kookide jaoks igas suuruses 16-30 cm. K\u00f5rgus: 85 mm Materjal: roostevaba teras Tootja: Hiina &nbsp;<\/p>","protected":false},"featured_media":5119,"template":"","meta":{"_seopress_robots_primary_cat":"","_seopress_titles_title":"","_seopress_titles_desc":"","_seopress_robots_index":""},"product_brand":[],"product_cat":[15,116,109],"product_tag":[],"class_list":{"0":"post-5117","1":"product","2":"type-product","3":"status-publish","4":"has-post-thumbnail","6":"product_cat-all-products","7":"product_cat-metal","8":"product_cat-sale","10":"first","11":"instock","12":"sale","13":"taxable","14":"shipping-taxable","15":"purchasable","16":"product-type-simple"},"_links":{"self":[{"href":"https:\/\/candeebaar.ee\/et\/wp-json\/wp\/v2\/product\/5117","targetHints":{"allow":["GET"]}}],"collection":[{"href":"https:\/\/candeebaar.ee\/et\/wp-json\/wp\/v2\/product"}],"about":[{"href":"https:\/\/candeebaar.ee\/et\/wp-json\/wp\/v2\/types\/product"}],"version-history":[{"count":1,"href":"https:\/\/candeebaar.ee\/et\/wp-json\/wp\/v2\/product\/5117\/revisions"}],"predecessor-version":[{"id":5118,"href":"https:\/\/candeebaar.ee\/et\/wp-json\/wp\/v2\/product\/5117\/revisions\/5118"}],"wp:featuredmedia":[{"embeddable":true,"href":"https:\/\/candeebaar.ee\/et\/wp-json\/wp\/v2\/media\/5119"}],"wp:attachment":[{"href":"https:\/\/candeebaar.ee\/et\/wp-json\/wp\/v2\/media?parent=5117"}],"wp:term":[{"taxonomy":"product_brand","embeddable":true,"href":"https:\/\/candeebaar.ee\/et\/wp-json\/wp\/v2\/product_brand?post=5117"},{"taxonomy":"product_cat","embeddable":true,"href":"https:\/\/candeebaar.ee\/et\/wp-json\/wp\/v2\/product_cat?post=5117"},{"taxonomy":"product_tag","embeddable":true,"href":"https:\/\/candeebaar.ee\/et\/wp-json\/wp\/v2\/product_tag?post=5117"}],"curies":[{"name":"t\u00f6\u00f6leht","href":"https:\/\/api.w.org\/{rel}","templated":true}]}}