{"id":5127,"date":"2024-12-31T20:07:57","date_gmt":"2024-12-31T20:07:57","guid":{"rendered":"https:\/\/storetest.ivi.ee\/product\/white-eclair-base-16pcs\/"},"modified":"2026-04-08T11:56:25","modified_gmt":"2026-04-08T09:56:25","slug":"valge-ekleeri-alus-16tk","status":"publish","type":"product","link":"https:\/\/candeebaar.ee\/et\/pood\/valge-ekleeri-alus-16tk\/","title":{"rendered":"Valge ekleeri alus 16tk"},"content":{"rendered":"<p>Paberist ekleerip\u00f5hi valge.<br \/>\nM\u00f5\u00f5dud: 136x35x30mm<br \/>\nKogus: 16tk<\/p>","protected":false},"excerpt":{"rendered":"<p>Paberist ekleerip\u00f5hi valge. M\u00f5\u00f5dud: 136x35x30mm Kogus: 16tk<\/p>","protected":false},"featured_media":5129,"template":"","meta":{"_seopress_robots_primary_cat":"","_seopress_titles_title":"","_seopress_titles_desc":"","_seopress_robots_index":""},"product_brand":[],"product_cat":[15,90],"product_tag":[],"class_list":{"0":"post-5127","1":"product","2":"type-product","3":"status-publish","4":"has-post-thumbnail","6":"product_cat-all-products","7":"product_cat-paper-cups-and-tulips","9":"first","10":"instock","11":"taxable","12":"shipping-taxable","13":"purchasable","14":"product-type-simple"},"_links":{"self":[{"href":"https:\/\/candeebaar.ee\/et\/wp-json\/wp\/v2\/product\/5127","targetHints":{"allow":["GET"]}}],"collection":[{"href":"https:\/\/candeebaar.ee\/et\/wp-json\/wp\/v2\/product"}],"about":[{"href":"https:\/\/candeebaar.ee\/et\/wp-json\/wp\/v2\/types\/product"}],"version-history":[{"count":1,"href":"https:\/\/candeebaar.ee\/et\/wp-json\/wp\/v2\/product\/5127\/revisions"}],"predecessor-version":[{"id":5128,"href":"https:\/\/candeebaar.ee\/et\/wp-json\/wp\/v2\/product\/5127\/revisions\/5128"}],"wp:featuredmedia":[{"embeddable":true,"href":"https:\/\/candeebaar.ee\/et\/wp-json\/wp\/v2\/media\/5129"}],"wp:attachment":[{"href":"https:\/\/candeebaar.ee\/et\/wp-json\/wp\/v2\/media?parent=5127"}],"wp:term":[{"taxonomy":"product_brand","embeddable":true,"href":"https:\/\/candeebaar.ee\/et\/wp-json\/wp\/v2\/product_brand?post=5127"},{"taxonomy":"product_cat","embeddable":true,"href":"https:\/\/candeebaar.ee\/et\/wp-json\/wp\/v2\/product_cat?post=5127"},{"taxonomy":"product_tag","embeddable":true,"href":"https:\/\/candeebaar.ee\/et\/wp-json\/wp\/v2\/product_tag?post=5127"}],"curies":[{"name":"t\u00f6\u00f6leht","href":"https:\/\/api.w.org\/{rel}","templated":true}]}}