{"id":5136,"date":"2024-12-31T20:07:57","date_gmt":"2024-12-31T20:07:57","guid":{"rendered":"https:\/\/storetest.ivi.ee\/product\/box-for-cake-with-window-22-22-11cm\/"},"modified":"2025-10-07T12:01:17","modified_gmt":"2025-10-07T10:01:17","slug":"aknaga-koogikarp-22-22-11cm","status":"publish","type":"product","link":"https:\/\/candeebaar.ee\/et\/pood\/aknaga-koogikarp-22-22-11cm\/","title":{"rendered":"Aknaga karp tordi jaoks 22 22 11cm"},"content":{"rendered":"<p>Aknaga plastkarp kookide jaoks.<br \/>\nM\u00f5\u00f5dud: 22x22x11 cm<br \/>\nMaterjal: papp<br \/>\nV\u00e4rv: valge<\/p>","protected":false},"excerpt":{"rendered":"<p>Aknaga plastkarp kookidele. M\u00f5\u00f5tmed: 22x22x11cm Materjal: papp V\u00e4rvus: valge<\/p>","protected":false},"featured_media":5138,"template":"","meta":{"_seopress_robots_primary_cat":"none","_seopress_titles_title":"","_seopress_titles_desc":"","_seopress_robots_index":""},"product_brand":[],"product_cat":[15,130],"product_tag":[],"class_list":{"0":"post-5136","1":"product","2":"type-product","3":"status-publish","4":"has-post-thumbnail","6":"product_cat-all-products","7":"product_cat-20-24cm-base","9":"first","10":"outofstock","11":"taxable","12":"shipping-taxable","13":"purchasable","14":"product-type-simple"},"_links":{"self":[{"href":"https:\/\/candeebaar.ee\/et\/wp-json\/wp\/v2\/product\/5136","targetHints":{"allow":["GET"]}}],"collection":[{"href":"https:\/\/candeebaar.ee\/et\/wp-json\/wp\/v2\/product"}],"about":[{"href":"https:\/\/candeebaar.ee\/et\/wp-json\/wp\/v2\/types\/product"}],"version-history":[{"count":1,"href":"https:\/\/candeebaar.ee\/et\/wp-json\/wp\/v2\/product\/5136\/revisions"}],"predecessor-version":[{"id":5137,"href":"https:\/\/candeebaar.ee\/et\/wp-json\/wp\/v2\/product\/5136\/revisions\/5137"}],"wp:featuredmedia":[{"embeddable":true,"href":"https:\/\/candeebaar.ee\/et\/wp-json\/wp\/v2\/media\/5138"}],"wp:attachment":[{"href":"https:\/\/candeebaar.ee\/et\/wp-json\/wp\/v2\/media?parent=5136"}],"wp:term":[{"taxonomy":"product_brand","embeddable":true,"href":"https:\/\/candeebaar.ee\/et\/wp-json\/wp\/v2\/product_brand?post=5136"},{"taxonomy":"product_cat","embeddable":true,"href":"https:\/\/candeebaar.ee\/et\/wp-json\/wp\/v2\/product_cat?post=5136"},{"taxonomy":"product_tag","embeddable":true,"href":"https:\/\/candeebaar.ee\/et\/wp-json\/wp\/v2\/product_tag?post=5136"}],"curies":[{"name":"t\u00f6\u00f6leht","href":"https:\/\/api.w.org\/{rel}","templated":true}]}}