{"id":5150,"date":"2024-12-31T20:08:07","date_gmt":"2024-12-31T20:08:07","guid":{"rendered":"https:\/\/storetest.ivi.ee\/product\/base-140x1mm\/"},"modified":"2025-01-04T13:34:10","modified_gmt":"2025-01-04T11:34:10","slug":"alus-140x1mm","status":"publish","type":"product","link":"https:\/\/candeebaar.ee\/et\/pood\/alus-140x1mm\/","title":{"rendered":"Koogialus 140x1mm"},"content":{"rendered":"<p>Niiskuskindel papist alus.<br \/>\n Vajalik magustoitude \u00f5igeks s\u00e4ilitamiseks, transportimiseks ja serveerimiseks.<br \/>\n Paksus: 1mm<br \/>\n L\u00e4bim\u00f5\u00f5t: 140 mm<br \/>\n V\u00e4rvus: kuldne<\/p>\n<p> &nbsp;<\/p>","protected":false},"excerpt":{"rendered":"<p>Niiskuskindel papist alus. Vajalik magustoitude n\u00f5uetekohaseks s\u00e4ilitamiseks, transportimiseks ja serveerimiseks. Paksus: 1 mm L\u00e4bim\u00f5\u00f5t: 140 mm V\u00e4rvus: kuldne &nbsp;<\/p>","protected":false},"featured_media":0,"template":"","meta":{"_seopress_robots_primary_cat":"","_seopress_titles_title":"","_seopress_titles_desc":"","_seopress_robots_index":""},"product_brand":[],"product_cat":[15,139],"product_tag":[],"class_list":{"0":"post-5150","1":"product","2":"type-product","3":"status-publish","5":"product_cat-all-products","6":"product_cat-small-size","8":"first","9":"outofstock","10":"taxable","11":"shipping-taxable","12":"purchasable","13":"product-type-simple"},"_links":{"self":[{"href":"https:\/\/candeebaar.ee\/et\/wp-json\/wp\/v2\/product\/5150","targetHints":{"allow":["GET"]}}],"collection":[{"href":"https:\/\/candeebaar.ee\/et\/wp-json\/wp\/v2\/product"}],"about":[{"href":"https:\/\/candeebaar.ee\/et\/wp-json\/wp\/v2\/types\/product"}],"version-history":[{"count":2,"href":"https:\/\/candeebaar.ee\/et\/wp-json\/wp\/v2\/product\/5150\/revisions"}],"predecessor-version":[{"id":9150,"href":"https:\/\/candeebaar.ee\/et\/wp-json\/wp\/v2\/product\/5150\/revisions\/9150"}],"wp:attachment":[{"href":"https:\/\/candeebaar.ee\/et\/wp-json\/wp\/v2\/media?parent=5150"}],"wp:term":[{"taxonomy":"product_brand","embeddable":true,"href":"https:\/\/candeebaar.ee\/et\/wp-json\/wp\/v2\/product_brand?post=5150"},{"taxonomy":"product_cat","embeddable":true,"href":"https:\/\/candeebaar.ee\/et\/wp-json\/wp\/v2\/product_cat?post=5150"},{"taxonomy":"product_tag","embeddable":true,"href":"https:\/\/candeebaar.ee\/et\/wp-json\/wp\/v2\/product_tag?post=5150"}],"curies":[{"name":"t\u00f6\u00f6leht","href":"https:\/\/api.w.org\/{rel}","templated":true}]}}