{"id":5161,"date":"2024-12-31T20:08:07","date_gmt":"2024-12-31T20:08:07","guid":{"rendered":"https:\/\/storetest.ivi.ee\/product\/round-nozzle-9mm-s\/"},"modified":"2025-01-02T10:39:01","modified_gmt":"2025-01-02T10:39:01","slug":"ummargune-otsik-9-mm-s","status":"publish","type":"product","link":"https:\/\/candeebaar.ee\/et\/pood\/ummargune-otsik-9-mm-s\/","title":{"rendered":"\u00dcmmargune otsik 9mm S"},"content":{"rendered":"<p>Roostevabast terasest kondiitriotsik.<br \/>\nV\u00e4ljund: 9 mm<br \/>\nM\u00f5\u00f5dud: 43x24mm<\/p>","protected":false},"excerpt":{"rendered":"<p>Roostevabast terasest kondiitritoodete otsik. V\u00e4ljundv\u00f5imsus: 9 mm. M\u00f5\u00f5tmed: 43 x 24 mm.<\/p>","protected":false},"featured_media":5163,"template":"","meta":{"_seopress_robots_primary_cat":"","_seopress_titles_title":"","_seopress_titles_desc":"","_seopress_robots_index":""},"product_brand":[],"product_cat":[15,121],"product_tag":[],"class_list":{"0":"post-5161","1":"product","2":"type-product","3":"status-publish","4":"has-post-thumbnail","6":"product_cat-all-products","7":"product_cat-round","9":"first","10":"outofstock","11":"taxable","12":"shipping-taxable","13":"purchasable","14":"product-type-simple"},"_links":{"self":[{"href":"https:\/\/candeebaar.ee\/et\/wp-json\/wp\/v2\/product\/5161","targetHints":{"allow":["GET"]}}],"collection":[{"href":"https:\/\/candeebaar.ee\/et\/wp-json\/wp\/v2\/product"}],"about":[{"href":"https:\/\/candeebaar.ee\/et\/wp-json\/wp\/v2\/types\/product"}],"version-history":[{"count":1,"href":"https:\/\/candeebaar.ee\/et\/wp-json\/wp\/v2\/product\/5161\/revisions"}],"predecessor-version":[{"id":5162,"href":"https:\/\/candeebaar.ee\/et\/wp-json\/wp\/v2\/product\/5161\/revisions\/5162"}],"wp:featuredmedia":[{"embeddable":true,"href":"https:\/\/candeebaar.ee\/et\/wp-json\/wp\/v2\/media\/5163"}],"wp:attachment":[{"href":"https:\/\/candeebaar.ee\/et\/wp-json\/wp\/v2\/media?parent=5161"}],"wp:term":[{"taxonomy":"product_brand","embeddable":true,"href":"https:\/\/candeebaar.ee\/et\/wp-json\/wp\/v2\/product_brand?post=5161"},{"taxonomy":"product_cat","embeddable":true,"href":"https:\/\/candeebaar.ee\/et\/wp-json\/wp\/v2\/product_cat?post=5161"},{"taxonomy":"product_tag","embeddable":true,"href":"https:\/\/candeebaar.ee\/et\/wp-json\/wp\/v2\/product_tag?post=5161"}],"curies":[{"name":"t\u00f6\u00f6leht","href":"https:\/\/api.w.org\/{rel}","templated":true}]}}