{"id":5186,"date":"2024-12-31T20:08:07","date_gmt":"2024-12-31T20:08:07","guid":{"rendered":"https:\/\/storetest.ivi.ee\/product\/silicone-mold-number-toppers\/"},"modified":"2026-03-30T12:55:43","modified_gmt":"2026-03-30T10:55:43","slug":"silikoonist-vorminumbriga-katted","status":"publish","type":"product","link":"https:\/\/candeebaar.ee\/et\/pood\/silikoonist-vorminumbriga-katted\/","title":{"rendered":"Silikoonvorm Numbrikatted"},"content":{"rendered":"<p>Kuumuskindlast toidusilikoonist valmistatud vorm aitab luua kauneid numbreid \u0161okolaadist, fondandist, karamellist.<br \/>\nM\u00f5\u00f5dud: 26x16 cm<br \/>\nT\u00f6\u00f6temperatuur: -40\u00b0C kuni 230\u00b0C<\/p>","protected":false},"excerpt":{"rendered":"<p>Kuumuskindlast toidusilikoonist valmistatud vorm aitab luua kauneid numbreid \u0161okolaadist, fondandist, karamellist. Suurus: 26x16cm T\u00f6\u00f6temperatuur: -40\u00b0C kuni 230\u00b0C<\/p>","protected":false},"featured_media":5188,"template":"","meta":{"_seopress_robots_primary_cat":"","_seopress_titles_title":"","_seopress_titles_desc":"","_seopress_robots_index":""},"product_brand":[],"product_cat":[15,82,124],"product_tag":[],"class_list":{"0":"post-5186","1":"product","2":"type-product","3":"status-publish","4":"has-post-thumbnail","6":"product_cat-all-products","7":"product_cat-chocolate-molds","8":"product_cat-letters-and-numbers","10":"first","11":"instock","12":"taxable","13":"shipping-taxable","14":"purchasable","15":"product-type-simple"},"_links":{"self":[{"href":"https:\/\/candeebaar.ee\/et\/wp-json\/wp\/v2\/product\/5186","targetHints":{"allow":["GET"]}}],"collection":[{"href":"https:\/\/candeebaar.ee\/et\/wp-json\/wp\/v2\/product"}],"about":[{"href":"https:\/\/candeebaar.ee\/et\/wp-json\/wp\/v2\/types\/product"}],"version-history":[{"count":1,"href":"https:\/\/candeebaar.ee\/et\/wp-json\/wp\/v2\/product\/5186\/revisions"}],"predecessor-version":[{"id":5187,"href":"https:\/\/candeebaar.ee\/et\/wp-json\/wp\/v2\/product\/5186\/revisions\/5187"}],"wp:featuredmedia":[{"embeddable":true,"href":"https:\/\/candeebaar.ee\/et\/wp-json\/wp\/v2\/media\/5188"}],"wp:attachment":[{"href":"https:\/\/candeebaar.ee\/et\/wp-json\/wp\/v2\/media?parent=5186"}],"wp:term":[{"taxonomy":"product_brand","embeddable":true,"href":"https:\/\/candeebaar.ee\/et\/wp-json\/wp\/v2\/product_brand?post=5186"},{"taxonomy":"product_cat","embeddable":true,"href":"https:\/\/candeebaar.ee\/et\/wp-json\/wp\/v2\/product_cat?post=5186"},{"taxonomy":"product_tag","embeddable":true,"href":"https:\/\/candeebaar.ee\/et\/wp-json\/wp\/v2\/product_tag?post=5186"}],"curies":[{"name":"t\u00f6\u00f6leht","href":"https:\/\/api.w.org\/{rel}","templated":true}]}}