{"id":5195,"date":"2024-12-31T20:08:07","date_gmt":"2024-12-31T20:08:07","guid":{"rendered":"https:\/\/storetest.ivi.ee\/product\/rotating-decorating-turntable-28cm\/"},"modified":"2025-07-11T03:17:48","modified_gmt":"2025-07-11T01:17:48","slug":"poorlev-dekoratiivne-poordlaud-28cm","status":"publish","type":"product","link":"https:\/\/candeebaar.ee\/et\/pood\/poorlev-dekoratiivne-poordlaud-28cm\/","title":{"rendered":"P\u00f6\u00f6rlev dekoratiivne p\u00f6\u00f6rdlaud 28cm"},"content":{"rendered":"<p>P\u00f6\u00f6rlev p\u00f6\u00f6rdlaud koogi kaunistamiseks. Usaldusv\u00e4\u00e4rne konstruktsioon.<br \/>\nL\u00e4bim\u00f5\u00f5t: 27,5 cm<br \/>\nK\u00f5rgus: 6,5 cm<br \/>\nMaterjal: plastik<br \/>\nEi sobi n\u00f5udepesumasinas, soovitatav on p\u00fchkida niiske lapiga, et v\u00e4ltida p\u00f6\u00f6rlemismehhanismi kahjustamist.<br \/>\nTootja: Hiina<\/p>","protected":false},"excerpt":{"rendered":"<p>P\u00f6\u00f6rlev p\u00f6\u00f6rdlaud koogi kaunistamiseks. Usaldusv\u00e4\u00e4rne konstruktsioon. L\u00e4bim\u00f5\u00f5t: 27,5cm K\u00f5rgus: 6,5cm Materjal: plastik Ei sobi n\u00f5udepesumasinasse, soovitatav on p\u00fchkida niiske lapiga, et v\u00e4ltida p\u00f6\u00f6rlemismehhanismi kahjustamist. Tootja: Hiina<\/p>","protected":false},"featured_media":5197,"template":"","meta":{"_seopress_robots_primary_cat":"","_seopress_titles_title":"","_seopress_titles_desc":"","_seopress_robots_index":""},"product_brand":[],"product_cat":[15,87],"product_tag":[],"class_list":{"0":"post-5195","1":"product","2":"type-product","3":"status-publish","4":"has-post-thumbnail","6":"product_cat-all-products","7":"product_cat-stands","9":"first","10":"outofstock","11":"taxable","12":"shipping-taxable","13":"purchasable","14":"product-type-simple"},"_links":{"self":[{"href":"https:\/\/candeebaar.ee\/et\/wp-json\/wp\/v2\/product\/5195","targetHints":{"allow":["GET"]}}],"collection":[{"href":"https:\/\/candeebaar.ee\/et\/wp-json\/wp\/v2\/product"}],"about":[{"href":"https:\/\/candeebaar.ee\/et\/wp-json\/wp\/v2\/types\/product"}],"version-history":[{"count":1,"href":"https:\/\/candeebaar.ee\/et\/wp-json\/wp\/v2\/product\/5195\/revisions"}],"predecessor-version":[{"id":5196,"href":"https:\/\/candeebaar.ee\/et\/wp-json\/wp\/v2\/product\/5195\/revisions\/5196"}],"wp:featuredmedia":[{"embeddable":true,"href":"https:\/\/candeebaar.ee\/et\/wp-json\/wp\/v2\/media\/5197"}],"wp:attachment":[{"href":"https:\/\/candeebaar.ee\/et\/wp-json\/wp\/v2\/media?parent=5195"}],"wp:term":[{"taxonomy":"product_brand","embeddable":true,"href":"https:\/\/candeebaar.ee\/et\/wp-json\/wp\/v2\/product_brand?post=5195"},{"taxonomy":"product_cat","embeddable":true,"href":"https:\/\/candeebaar.ee\/et\/wp-json\/wp\/v2\/product_cat?post=5195"},{"taxonomy":"product_tag","embeddable":true,"href":"https:\/\/candeebaar.ee\/et\/wp-json\/wp\/v2\/product_tag?post=5195"}],"curies":[{"name":"t\u00f6\u00f6leht","href":"https:\/\/api.w.org\/{rel}","templated":true}]}}