{"id":5210,"date":"2024-12-31T20:08:35","date_gmt":"2024-12-31T20:08:35","guid":{"rendered":"https:\/\/storetest.ivi.ee\/product\/callebaut-zephyr-chocolate-34-200g\/"},"modified":"2025-04-22T09:29:15","modified_gmt":"2025-04-22T07:29:15","slug":"callebaut-sefiirisokolaad-34-200g","status":"publish","type":"product","link":"https:\/\/candeebaar.ee\/et\/pood\/callebaut-sefiirisokolaad-34-200g\/","title":{"rendered":"Callebaut Zephyr Chocolate (34%) 200g"},"content":{"rendered":"<p>Valge kate v\u00e4hendatud suhkrusisaldusega.<br \/>\nKakaosisaldus 34%.<br \/>\nKoostisosad: suhkur, kakaov\u00f5i, t\u00e4is <strong>piima<\/strong> pulber, rasvavaba kuiv <strong>piima<\/strong>, <strong>soja<\/strong> letsitiin (emulgaator)<br \/>\nKaal: 200g<\/p>\n<table style=\"height: 160px; width: 409px;\" width=\"409\">\n<tbody>\n<tr>\n<td style=\"width: 244px;\">Sisu kohta<\/td>\n<td style=\"width: 150.4px;\">100g<\/td>\n<\/tr>\n<tr>\n<td style=\"width: 244px;\">Toitev\u00e4\u00e4rtus<\/td>\n<td style=\"width: 150.4px;\">597 kcal 2500 kJ<\/td>\n<\/tr>\n<tr>\n<td style=\"width: 244px;\">Rasvad (millest k\u00fcllastunud)<\/td>\n<td style=\"width: 150.4px;\">42 g (25 g)<\/td>\n<\/tr>\n<tr>\n<td style=\"width: 244px;\">S\u00fcsivesikud (suhkur)<\/td>\n<td style=\"width: 150.4px;\">47 g (47 g)<\/td>\n<\/tr>\n<tr>\n<td style=\"width: 244px;\">Valgud<\/td>\n<td style=\"width: 150.4px;\">7,5 g<\/td>\n<\/tr>\n<tr>\n<td style=\"width: 244px;\">soola<\/td>\n<td style=\"width: 150.4px;\">0,25 g<\/td>\n<\/tr>\n<\/tbody>\n<\/table>\n<p>S\u00e4ilitustemperatuur: <strong>12\u201320 \u00b0C<\/strong><br \/>\nTootja: BARRY CALLEBAUT UK<br \/>\nLisainfo kodulehel <a href=\"https:\/\/www.callebaut.com\/\">callebaut.com<\/a> v\u00f5ib leida, et \u00f5ppida palju uusi retsepte ja tutvuda nende toodetega.<\/p>\n<p>&nbsp;<\/p>","protected":false},"excerpt":{"rendered":"<p>Valge kuvertuur v\u00e4hendatud suhkrusisaldusega. Kakaosisaldus 34%. Koostisosad: suhkur, kakaov\u00f5i, t\u00e4ispiimapulber, rasvatu piimapulber, sojaletsitiin (emulgaator) Mass: 200g Sisu 100g kohta Toitev\u00e4\u00e4rtus 597 kcal 2500 kJ Rasvad (millest k\u00fcllastunud) 42g (25g) S\u00fcsivesikud (suhkrud) 47g (47g) Valgud 7,5g Sool 0,25g S\u00e4ilitamistemperatuur: 12 \u2013 20 \u00b0C Tootja: [\u2026]<\/p>","protected":false},"featured_media":5212,"template":"","meta":{"_seopress_robots_primary_cat":"none","_seopress_titles_title":"","_seopress_titles_desc":"","_seopress_robots_index":""},"product_brand":[],"product_cat":[15,110],"product_tag":[],"class_list":{"0":"post-5210","1":"product","2":"type-product","3":"status-publish","4":"has-post-thumbnail","6":"product_cat-all-products","7":"product_cat-callebaut","8":"brand-callebaut","10":"first","11":"instock","12":"taxable","13":"shipping-taxable","14":"purchasable","15":"product-type-simple"},"_links":{"self":[{"href":"https:\/\/candeebaar.ee\/et\/wp-json\/wp\/v2\/product\/5210","targetHints":{"allow":["GET"]}}],"collection":[{"href":"https:\/\/candeebaar.ee\/et\/wp-json\/wp\/v2\/product"}],"about":[{"href":"https:\/\/candeebaar.ee\/et\/wp-json\/wp\/v2\/types\/product"}],"version-history":[{"count":3,"href":"https:\/\/candeebaar.ee\/et\/wp-json\/wp\/v2\/product\/5210\/revisions"}],"predecessor-version":[{"id":11934,"href":"https:\/\/candeebaar.ee\/et\/wp-json\/wp\/v2\/product\/5210\/revisions\/11934"}],"wp:featuredmedia":[{"embeddable":true,"href":"https:\/\/candeebaar.ee\/et\/wp-json\/wp\/v2\/media\/5212"}],"wp:attachment":[{"href":"https:\/\/candeebaar.ee\/et\/wp-json\/wp\/v2\/media?parent=5210"}],"wp:term":[{"taxonomy":"product_brand","embeddable":true,"href":"https:\/\/candeebaar.ee\/et\/wp-json\/wp\/v2\/product_brand?post=5210"},{"taxonomy":"product_cat","embeddable":true,"href":"https:\/\/candeebaar.ee\/et\/wp-json\/wp\/v2\/product_cat?post=5210"},{"taxonomy":"product_tag","embeddable":true,"href":"https:\/\/candeebaar.ee\/et\/wp-json\/wp\/v2\/product_tag?post=5210"}],"curies":[{"name":"t\u00f6\u00f6leht","href":"https:\/\/api.w.org\/{rel}","templated":true}]}}