{"id":5245,"date":"2024-12-31T20:08:35","date_gmt":"2024-12-31T20:08:35","guid":{"rendered":"https:\/\/storetest.ivi.ee\/product\/silicone-button-mold\/"},"modified":"2026-01-18T20:51:01","modified_gmt":"2026-01-18T18:51:01","slug":"silikoonist-nupuvorm","status":"publish","type":"product","link":"https:\/\/candeebaar.ee\/et\/pood\/silikoonist-nupuvorm\/","title":{"rendered":"Silikoonist nupuvorm"},"content":{"rendered":"<p>N\u00f6\u00f6bikujuliste kommide silikoonvorm.<br \/>\nTalub temperatuure -40\u00b0C kuni 250\u00b0C.<br \/>\nM\u00f5\u00f5dud: 22x10cm, s\u00fcgavus: 5mm<br \/>\nToodetud Hiinas<\/p>","protected":false},"excerpt":{"rendered":"<p>N\u00f6\u00f6bikujuliste kommide silikoonvorm. Talub temperatuure -40\u00b0C kuni 250\u00b0C. Suurus: 22x10cm, s\u00fcgavus: 5mm Toodetud Hiinas<\/p>","protected":false},"featured_media":5247,"template":"","meta":{"_seopress_robots_primary_cat":"","_seopress_titles_title":"","_seopress_titles_desc":"","_seopress_robots_index":""},"product_brand":[],"product_cat":[15,82,123,127],"product_tag":[],"class_list":{"0":"post-5245","1":"product","2":"type-product","3":"status-publish","4":"has-post-thumbnail","6":"product_cat-all-products","7":"product_cat-chocolate-molds","8":"product_cat-geometry","9":"product_cat-ornament","11":"first","12":"outofstock","13":"taxable","14":"shipping-taxable","15":"purchasable","16":"product-type-simple"},"_links":{"self":[{"href":"https:\/\/candeebaar.ee\/et\/wp-json\/wp\/v2\/product\/5245","targetHints":{"allow":["GET"]}}],"collection":[{"href":"https:\/\/candeebaar.ee\/et\/wp-json\/wp\/v2\/product"}],"about":[{"href":"https:\/\/candeebaar.ee\/et\/wp-json\/wp\/v2\/types\/product"}],"version-history":[{"count":1,"href":"https:\/\/candeebaar.ee\/et\/wp-json\/wp\/v2\/product\/5245\/revisions"}],"predecessor-version":[{"id":5246,"href":"https:\/\/candeebaar.ee\/et\/wp-json\/wp\/v2\/product\/5245\/revisions\/5246"}],"wp:featuredmedia":[{"embeddable":true,"href":"https:\/\/candeebaar.ee\/et\/wp-json\/wp\/v2\/media\/5247"}],"wp:attachment":[{"href":"https:\/\/candeebaar.ee\/et\/wp-json\/wp\/v2\/media?parent=5245"}],"wp:term":[{"taxonomy":"product_brand","embeddable":true,"href":"https:\/\/candeebaar.ee\/et\/wp-json\/wp\/v2\/product_brand?post=5245"},{"taxonomy":"product_cat","embeddable":true,"href":"https:\/\/candeebaar.ee\/et\/wp-json\/wp\/v2\/product_cat?post=5245"},{"taxonomy":"product_tag","embeddable":true,"href":"https:\/\/candeebaar.ee\/et\/wp-json\/wp\/v2\/product_tag?post=5245"}],"curies":[{"name":"t\u00f6\u00f6leht","href":"https:\/\/api.w.org\/{rel}","templated":true}]}}