{"id":5254,"date":"2024-12-31T20:08:54","date_gmt":"2024-12-31T20:08:54","guid":{"rendered":"https:\/\/storetest.ivi.ee\/product\/burger-box-for-bento-cake-180x90mm\/"},"modified":"2026-04-02T13:04:50","modified_gmt":"2026-04-02T11:04:50","slug":"burgerikarp-bento-koogile-180x90mm","status":"publish","type":"product","link":"https:\/\/candeebaar.ee\/et\/pood\/burgerikarp-bento-koogile-180x90mm\/","title":{"rendered":"Burgerikarp Bento koogile 180x90mm"},"content":{"rendered":"<p>Kaheosaline karp sobib mini-bento kookidele.<br \/>\nMaterjal: suhkruroog<br \/>\nSuurus (lwh): 178x178x90mm<br \/>\nTordi l\u00e4bim\u00f5\u00f5t: 11 cm<br \/>\nSoovitame tellida v\u00e4hemalt 5 tk, vastasel juhul on suur oht transpordi k\u00e4igus kahjustuda.<br \/>\n<iframe src=\"\/\/www.youtube.com\/embed\/pMYV1-yZsdo\" width=\"560\" height=\"314\" allowfullscreen=\"allowfullscreen\"><\/iframe><\/p>","protected":false},"excerpt":{"rendered":"<p>Kaheosaline karp sobib mini-bento kookidele. Materjal: suhkruroog Suurus (lwh): 178x178x90mm Tordi l\u00e4bim\u00f5\u00f5t: 11cm Soovitame tellida v\u00e4hemalt 5 tk, vastasel juhul on suur oht transpordi k\u00e4igus kahjustada saada.<\/p>","protected":false},"featured_media":5256,"template":"","meta":{"_seopress_robots_primary_cat":"none","_seopress_titles_title":"","_seopress_titles_desc":"","_seopress_robots_index":""},"product_brand":[],"product_cat":[15,129],"product_tag":[],"class_list":{"0":"post-5254","1":"product","2":"type-product","3":"status-publish","4":"has-post-thumbnail","6":"product_cat-all-products","7":"product_cat-small-and-bento-size","9":"first","10":"instock","11":"taxable","12":"shipping-taxable","13":"purchasable","14":"product-type-simple"},"_links":{"self":[{"href":"https:\/\/candeebaar.ee\/et\/wp-json\/wp\/v2\/product\/5254","targetHints":{"allow":["GET"]}}],"collection":[{"href":"https:\/\/candeebaar.ee\/et\/wp-json\/wp\/v2\/product"}],"about":[{"href":"https:\/\/candeebaar.ee\/et\/wp-json\/wp\/v2\/types\/product"}],"version-history":[{"count":1,"href":"https:\/\/candeebaar.ee\/et\/wp-json\/wp\/v2\/product\/5254\/revisions"}],"predecessor-version":[{"id":5255,"href":"https:\/\/candeebaar.ee\/et\/wp-json\/wp\/v2\/product\/5254\/revisions\/5255"}],"wp:featuredmedia":[{"embeddable":true,"href":"https:\/\/candeebaar.ee\/et\/wp-json\/wp\/v2\/media\/5256"}],"wp:attachment":[{"href":"https:\/\/candeebaar.ee\/et\/wp-json\/wp\/v2\/media?parent=5254"}],"wp:term":[{"taxonomy":"product_brand","embeddable":true,"href":"https:\/\/candeebaar.ee\/et\/wp-json\/wp\/v2\/product_brand?post=5254"},{"taxonomy":"product_cat","embeddable":true,"href":"https:\/\/candeebaar.ee\/et\/wp-json\/wp\/v2\/product_cat?post=5254"},{"taxonomy":"product_tag","embeddable":true,"href":"https:\/\/candeebaar.ee\/et\/wp-json\/wp\/v2\/product_tag?post=5254"}],"curies":[{"name":"t\u00f6\u00f6leht","href":"https:\/\/api.w.org\/{rel}","templated":true}]}}