{"id":5263,"date":"2024-12-31T20:08:54","date_gmt":"2024-12-31T20:08:54","guid":{"rendered":"https:\/\/storetest.ivi.ee\/product\/callebaut-crispearls-mona-lisa-dark-100g\/"},"modified":"2026-03-27T10:15:24","modified_gmt":"2026-03-27T08:15:24","slug":"callebaut-crispearls-mona-lisa-tume-100g","status":"publish","type":"product","link":"https:\/\/candeebaar.ee\/et\/pood\/callebaut-crispearls-mona-lisa-tume-100g\/","title":{"rendered":"Callebaut Crispearls \u201cMona Lisa\u201d Dark 100g"},"content":{"rendered":"<p>Kr\u00f5bedad dra\u017eeed Dark Callebaut \u0161okolaadis.<br \/>\nSuurep\u00e4rane kaunistus igale magustoidule.<br \/>\nKoostisosad:<br \/>\nValge \u0161okolaad 84% (suhkur, kakaov\u00f5i, kakaopulber, kuiv <strong>piima<\/strong>, <strong>piima<\/strong> vadak, emulgaator: sojaletsitiin, vanilliin)<br \/>\nKr\u00f5bedad helbed (<strong>nisu<\/strong> jahu, suhkur, <strong>nisu<\/strong> linnasejahu, <strong>nisu<\/strong> t\u00e4rklis, E500ii, sool, kakaov\u00f5i, vanilliin)<br \/>\ngl\u00fckoosisiirup, E414,<br \/>\nPalli suurus \u2248 5 mm<br \/>\nKaal: 100g<br \/>\nTootja: Callebaut, Belgia<\/p>","protected":false},"excerpt":{"rendered":"<p>Kr\u00f5bedad dra\u017eeed Dark Callebaut \u0161okolaadis. Suurep\u00e4rane kaunistus igale magustoidule. Koostis: Valge \u0161okolaad 84% (suhkur, kakaov\u00f5i, kakaopulber, kuiv piim, piimavadak, emulgaator: sojaletsitiin, vanilliin) Kr\u00f5bedad helbed (nisujahu, suhkur, nisulinnasejahu, nisut\u00e4rklis, E500ii, sool, kakaov\u00f5i, vanilliin ) Gl\u00fckoosisiirup, E414, palli suurus \u2248 5 mm mass: 100 g Tootja: Callebaut, [\u2026]<\/p>","protected":false},"featured_media":5265,"template":"","meta":{"_seopress_robots_primary_cat":"none","_seopress_titles_title":"","_seopress_titles_desc":"","_seopress_robots_index":""},"product_brand":[],"product_cat":[15,110,104],"product_tag":[],"class_list":{"0":"post-5263","1":"product","2":"type-product","3":"status-publish","4":"has-post-thumbnail","6":"product_cat-all-products","7":"product_cat-callebaut","8":"product_cat-sprinkles","9":"brand-callebaut","11":"first","12":"instock","13":"taxable","14":"shipping-taxable","15":"purchasable","16":"product-type-simple"},"_links":{"self":[{"href":"https:\/\/candeebaar.ee\/et\/wp-json\/wp\/v2\/product\/5263","targetHints":{"allow":["GET"]}}],"collection":[{"href":"https:\/\/candeebaar.ee\/et\/wp-json\/wp\/v2\/product"}],"about":[{"href":"https:\/\/candeebaar.ee\/et\/wp-json\/wp\/v2\/types\/product"}],"version-history":[{"count":1,"href":"https:\/\/candeebaar.ee\/et\/wp-json\/wp\/v2\/product\/5263\/revisions"}],"predecessor-version":[{"id":5264,"href":"https:\/\/candeebaar.ee\/et\/wp-json\/wp\/v2\/product\/5263\/revisions\/5264"}],"wp:featuredmedia":[{"embeddable":true,"href":"https:\/\/candeebaar.ee\/et\/wp-json\/wp\/v2\/media\/5265"}],"wp:attachment":[{"href":"https:\/\/candeebaar.ee\/et\/wp-json\/wp\/v2\/media?parent=5263"}],"wp:term":[{"taxonomy":"product_brand","embeddable":true,"href":"https:\/\/candeebaar.ee\/et\/wp-json\/wp\/v2\/product_brand?post=5263"},{"taxonomy":"product_cat","embeddable":true,"href":"https:\/\/candeebaar.ee\/et\/wp-json\/wp\/v2\/product_cat?post=5263"},{"taxonomy":"product_tag","embeddable":true,"href":"https:\/\/candeebaar.ee\/et\/wp-json\/wp\/v2\/product_tag?post=5263"}],"curies":[{"name":"t\u00f6\u00f6leht","href":"https:\/\/api.w.org\/{rel}","templated":true}]}}