{"id":5285,"date":"2024-12-31T20:08:54","date_gmt":"2024-12-31T20:08:54","guid":{"rendered":"https:\/\/storetest.ivi.ee\/product\/tart-mold-kit-tarte-ring-square-silikomart\/"},"modified":"2025-01-02T19:29:48","modified_gmt":"2025-01-02T19:29:48","slug":"hapuvormi-komplekt-tarte-rongas-kandiline-silikomart","status":"publish","type":"product","link":"https:\/\/candeebaar.ee\/et\/pood\/hapuvormi-komplekt-tarte-rongas-kandiline-silikomart\/","title":{"rendered":"Tordivorm \u201cKit Tarte Ring Square\u201d Silikomart"},"content":{"rendered":"<p>Kvaliteetne Kit Tarte Ring Square komplekt tortidele.<br \/>\nLoob ainulaadse v\u00e4limusega kaasaegseid torte.<br \/>\nKomplekt koosneb 6 perforeeritud metallvormist p\u00f5hja k\u00fcpsetamiseks ja silikoonosast mousse kaunistuseks peal.<br \/>\nMetalli suurus. M\u00f5\u00f5dud: 80x80x20mm (k\u00f5rgus)<br \/>\nSilikoonosa suurus (1\/6): 67x67x15mm (k\u00f5rgus)<br \/>\nMaht: 1200ml<br \/>\nTemperatuur: -60\u00b0C kuni +230\u00b0C. Sobib k\u00fcpsetamiseks ja k\u00fclmutamiseks.<br \/>\nTootja: Silikomart<\/p>","protected":false},"excerpt":{"rendered":"<p>Kvaliteetne Kit Tarte Ring Square komplekt tortidele. Loob ainulaadse v\u00e4limusega kaasaegseid torte. Komplekt koosneb 6 perforeeritud metallvormist p\u00f5hja k\u00fcpsetamiseks ja peal olevast silikoonosast mousse kaunistuseks. Metalli suurus. M\u00f5\u00f5dud: 80x80x20mm (k\u00f5rgus) Silikoonosa suurus (1\/6): 67x67x15mm (k\u00f5rgus) Maht: 1200ml Temperatuur: -60\u00b0C kuni +230\u00b0C. [\u2026]<\/p>","protected":false},"featured_media":5287,"template":"","meta":{"_seopress_robots_primary_cat":"","_seopress_titles_title":"","_seopress_titles_desc":"","_seopress_robots_index":""},"product_brand":[],"product_cat":[15,118,123],"product_tag":[],"class_list":{"0":"post-5285","1":"product","2":"type-product","3":"status-publish","4":"has-post-thumbnail","6":"product_cat-all-products","7":"product_cat-silicone-and-plastic","8":"product_cat-geometry","10":"first","11":"instock","12":"sale","13":"taxable","14":"shipping-taxable","15":"purchasable","16":"product-type-simple"},"_links":{"self":[{"href":"https:\/\/candeebaar.ee\/et\/wp-json\/wp\/v2\/product\/5285","targetHints":{"allow":["GET"]}}],"collection":[{"href":"https:\/\/candeebaar.ee\/et\/wp-json\/wp\/v2\/product"}],"about":[{"href":"https:\/\/candeebaar.ee\/et\/wp-json\/wp\/v2\/types\/product"}],"version-history":[{"count":1,"href":"https:\/\/candeebaar.ee\/et\/wp-json\/wp\/v2\/product\/5285\/revisions"}],"predecessor-version":[{"id":5286,"href":"https:\/\/candeebaar.ee\/et\/wp-json\/wp\/v2\/product\/5285\/revisions\/5286"}],"wp:featuredmedia":[{"embeddable":true,"href":"https:\/\/candeebaar.ee\/et\/wp-json\/wp\/v2\/media\/5287"}],"wp:attachment":[{"href":"https:\/\/candeebaar.ee\/et\/wp-json\/wp\/v2\/media?parent=5285"}],"wp:term":[{"taxonomy":"product_brand","embeddable":true,"href":"https:\/\/candeebaar.ee\/et\/wp-json\/wp\/v2\/product_brand?post=5285"},{"taxonomy":"product_cat","embeddable":true,"href":"https:\/\/candeebaar.ee\/et\/wp-json\/wp\/v2\/product_cat?post=5285"},{"taxonomy":"product_tag","embeddable":true,"href":"https:\/\/candeebaar.ee\/et\/wp-json\/wp\/v2\/product_tag?post=5285"}],"curies":[{"name":"t\u00f6\u00f6leht","href":"https:\/\/api.w.org\/{rel}","templated":true}]}}