{"id":5358,"date":"2024-12-31T20:09:19","date_gmt":"2024-12-31T20:09:19","guid":{"rendered":"https:\/\/storetest.ivi.ee\/product\/apple-puree-1000g-naturens-skafferi\/"},"modified":"2026-04-07T17:22:17","modified_gmt":"2026-04-07T15:22:17","slug":"ounapuree-1000g-naturens-skafferi","status":"publish","type":"product","link":"https:\/\/candeebaar.ee\/et\/pood\/ounapuree-1000g-naturens-skafferi\/","title":{"rendered":"\u00d5unap\u00fcree 1000g Naturens Skafferi"},"content":{"rendered":"<p>Naturaalne \u00f5unap\u00fcree. Sobib suurep\u00e4raselt vahukookide, vahukommide, kreemide jms valmistamiseks.<br \/>\nKaal: 1000g<br \/>\nKoostisosad: \u00f5un<br \/>\nEi sisalda maitselisandeid, v\u00e4rvaineid ega s\u00e4ilitusaineid.<br \/>\nHoida pimedas jahedas kohas.<br \/>\nK\u00f5lblikkusaeg: vaata pakendilt<br \/>\nTootja: Naturens Skafferi Sweden<\/p>\n<p>&nbsp;<\/p>\n<p>&nbsp;<\/p>\n<p>&nbsp;<\/p>","protected":false},"excerpt":{"rendered":"<p>Naturaalne \u00f5unap\u00fcree. Sobib suurep\u00e4raselt vahukookide, vahukommide, kreemide jms valmistamiseks. Mass: 1000g Koostis: \u00f5un Ei sisalda maitselisandeid, v\u00e4rvaineid ega s\u00e4ilitusaineid. Hoida pimedas jahedas kohas. K\u00f5lblikkusaeg: vaata pakendit Tootja: Naturens Skafferi Sweden &nbsp; &nbsp; &nbsp;<\/p>","protected":false},"featured_media":5360,"template":"","meta":{"_seopress_robots_primary_cat":"none","_seopress_titles_title":"","_seopress_titles_desc":"","_seopress_robots_index":""},"product_brand":[],"product_cat":[15,99],"product_tag":[],"class_list":{"0":"post-5358","1":"product","2":"type-product","3":"status-publish","4":"has-post-thumbnail","6":"product_cat-all-products","7":"product_cat-fruit-purees","9":"first","10":"instock","11":"taxable","12":"shipping-taxable","13":"purchasable","14":"product-type-simple"},"_links":{"self":[{"href":"https:\/\/candeebaar.ee\/et\/wp-json\/wp\/v2\/product\/5358","targetHints":{"allow":["GET"]}}],"collection":[{"href":"https:\/\/candeebaar.ee\/et\/wp-json\/wp\/v2\/product"}],"about":[{"href":"https:\/\/candeebaar.ee\/et\/wp-json\/wp\/v2\/types\/product"}],"version-history":[{"count":2,"href":"https:\/\/candeebaar.ee\/et\/wp-json\/wp\/v2\/product\/5358\/revisions"}],"predecessor-version":[{"id":15490,"href":"https:\/\/candeebaar.ee\/et\/wp-json\/wp\/v2\/product\/5358\/revisions\/15490"}],"wp:featuredmedia":[{"embeddable":true,"href":"https:\/\/candeebaar.ee\/et\/wp-json\/wp\/v2\/media\/5360"}],"wp:attachment":[{"href":"https:\/\/candeebaar.ee\/et\/wp-json\/wp\/v2\/media?parent=5358"}],"wp:term":[{"taxonomy":"product_brand","embeddable":true,"href":"https:\/\/candeebaar.ee\/et\/wp-json\/wp\/v2\/product_brand?post=5358"},{"taxonomy":"product_cat","embeddable":true,"href":"https:\/\/candeebaar.ee\/et\/wp-json\/wp\/v2\/product_cat?post=5358"},{"taxonomy":"product_tag","embeddable":true,"href":"https:\/\/candeebaar.ee\/et\/wp-json\/wp\/v2\/product_tag?post=5358"}],"curies":[{"name":"t\u00f6\u00f6leht","href":"https:\/\/api.w.org\/{rel}","templated":true}]}}