{"id":5386,"date":"2024-12-31T20:09:36","date_gmt":"2024-12-31T20:09:36","guid":{"rendered":"https:\/\/storetest.ivi.ee\/product\/callebaut-paillete-feuillentine-100g\/"},"modified":"2026-04-02T11:34:00","modified_gmt":"2026-04-02T09:34:00","slug":"callebaut-paillete-feuillentine-100g","status":"publish","type":"product","link":"https:\/\/candeebaar.ee\/et\/pood\/callebaut-paillete-feuillentine-100g\/","title":{"rendered":"Callebaut Paillete Feuillentine 100g"},"content":{"rendered":"<p>Kvaliteetne vahvlipuru.<br \/>\nKaal: 100g<br \/>\nKoostisosad: <strong>nisu<\/strong> jahu (39%), suhkur (42.5%), taime\u00f5li (p\u00e4evalill ja rapsiseemned), kuiv <strong>kreem<\/strong>, <strong>piima<\/strong> suhkur, <strong>piima<\/strong> valk, sool, <strong>linnased<\/strong> ekstrakt, E500ii, p\u00e4evalille letsitiin, E306. V\u00f5ib sisaldada <strong>soja<\/strong>.<br \/>\nSisu 100g kohta:<br \/>\n453 kCal \/ 1,894 kJ<br \/>\nRasvad (k\u00fcllastunud): 13g (3g)<br \/>\nS\u00fcsivesikud (suhkrud): 77g (44g)<br \/>\nValgud: 6 g<br \/>\nSool: 1 g<br \/>\nHoida pimedas jahedas kohas.<br \/>\nTootja: Barry Callebaut Belgia<\/p>\n<p>&nbsp;<\/p>\n<p>&nbsp;<\/p>\n<p>&nbsp;<\/p>","protected":false},"excerpt":{"rendered":"<p>Kvaliteetne vahvlipuru. Mass: 100g Koostis: nisujahu (39%), suhkur (42.5%), taime\u00f5li (p\u00e4evalill ja rapsiseemned), kuivkoor, piimasuhkur, piimavalk, sool, linnaseekstrakt, E500ii, p\u00e4evalille letsitiin, E306. V\u00f5ib sisaldada soja. Sisaldus 100 g kohta: 453 kCal\/1,894 kJ Rasvad (k\u00fcllastunud): 13 g (3 g) S\u00fcsivesikud (suhkrud): 77 g (44 g) Valgud: 6 g Sool: 1 g Hoida pimedas jahedas kohas. Tootja: [\u2026]<\/p>","protected":false},"featured_media":5388,"template":"","meta":{"_seopress_robots_primary_cat":"none","_seopress_titles_title":"","_seopress_titles_desc":"","_seopress_robots_index":""},"product_brand":[],"product_cat":[15,110],"product_tag":[],"class_list":{"0":"post-5386","1":"product","2":"type-product","3":"status-publish","4":"has-post-thumbnail","6":"product_cat-all-products","7":"product_cat-callebaut","8":"brand-callebaut","10":"first","11":"instock","12":"taxable","13":"shipping-taxable","14":"purchasable","15":"product-type-simple"},"_links":{"self":[{"href":"https:\/\/candeebaar.ee\/et\/wp-json\/wp\/v2\/product\/5386","targetHints":{"allow":["GET"]}}],"collection":[{"href":"https:\/\/candeebaar.ee\/et\/wp-json\/wp\/v2\/product"}],"about":[{"href":"https:\/\/candeebaar.ee\/et\/wp-json\/wp\/v2\/types\/product"}],"version-history":[{"count":2,"href":"https:\/\/candeebaar.ee\/et\/wp-json\/wp\/v2\/product\/5386\/revisions"}],"predecessor-version":[{"id":10543,"href":"https:\/\/candeebaar.ee\/et\/wp-json\/wp\/v2\/product\/5386\/revisions\/10543"}],"wp:featuredmedia":[{"embeddable":true,"href":"https:\/\/candeebaar.ee\/et\/wp-json\/wp\/v2\/media\/5388"}],"wp:attachment":[{"href":"https:\/\/candeebaar.ee\/et\/wp-json\/wp\/v2\/media?parent=5386"}],"wp:term":[{"taxonomy":"product_brand","embeddable":true,"href":"https:\/\/candeebaar.ee\/et\/wp-json\/wp\/v2\/product_brand?post=5386"},{"taxonomy":"product_cat","embeddable":true,"href":"https:\/\/candeebaar.ee\/et\/wp-json\/wp\/v2\/product_cat?post=5386"},{"taxonomy":"product_tag","embeddable":true,"href":"https:\/\/candeebaar.ee\/et\/wp-json\/wp\/v2\/product_tag?post=5386"}],"curies":[{"name":"t\u00f6\u00f6leht","href":"https:\/\/api.w.org\/{rel}","templated":true}]}}