{"id":5392,"date":"2024-12-31T20:09:36","date_gmt":"2024-12-31T20:09:36","guid":{"rendered":"https:\/\/storetest.ivi.ee\/product\/cocoa-butter-cacao-mill-200g\/"},"modified":"2025-04-27T23:10:31","modified_gmt":"2025-04-27T21:10:31","slug":"kakaovoi-kakaoveski-200g","status":"publish","type":"product","link":"https:\/\/candeebaar.ee\/et\/pood\/kakaovoi-kakaoveski-200g\/","title":{"rendered":"Kakaov\u00f5i Cacao Mill 200g"},"content":{"rendered":"<p>Kakaov\u00f5i, purustatud, l\u00f5hnatu.<br \/>\n Pakend: 200g (+-5g)<br \/>\n 100g sisaldab:<br \/>\n Rasvad: 99,8 g<br \/>\n Valgud: 0 g<br \/>\n S\u00fcsivesikud: 0 g<br \/>\n Sool: 0 g<br \/>\n Suhkur: 0 g<br \/>\n Toitev\u00e4\u00e4rtus:<br \/>\n 3692,6 kJ\/898,2 kcal<br \/>\n Tootja: Natra Cacao, Hispaania<br \/>\n Hoida temperatuuril 16-18\u00b0C kuivas ja pimedas kohas.<\/p>\n<p> &nbsp;<\/p>","protected":false},"excerpt":{"rendered":"<p>Kakaov\u00f5i, purustatud, l\u00f5hnatu. Pakend: 200g (+-5g) 100g sisaldab: Rasvad: 99,8g Valgud: 0g S\u00fcsivesikud: 0g Sool: 0g Suhkur: 0g Toitev\u00e4\u00e4rtus: 3692,6 kJ\/898,2 kcal Tootja: Natra Cacao 8\u00b0C Hispaanias 16 Hoida temperatuuril a-1\u00b0C kuivas ja pimedas kohas. &nbsp;<\/p>","protected":false},"featured_media":5394,"template":"","meta":{"_seopress_robots_primary_cat":"","_seopress_titles_title":"","_seopress_titles_desc":"","_seopress_robots_index":""},"product_brand":[],"product_cat":[15,111,110],"product_tag":[],"class_list":{"0":"post-5392","1":"product","2":"type-product","3":"status-publish","4":"has-post-thumbnail","6":"product_cat-all-products","7":"product_cat-cacao-mill","8":"product_cat-callebaut","9":"brand-callebaut","11":"first","12":"outofstock","13":"taxable","14":"shipping-taxable","15":"purchasable","16":"product-type-simple"},"_links":{"self":[{"href":"https:\/\/candeebaar.ee\/et\/wp-json\/wp\/v2\/product\/5392","targetHints":{"allow":["GET"]}}],"collection":[{"href":"https:\/\/candeebaar.ee\/et\/wp-json\/wp\/v2\/product"}],"about":[{"href":"https:\/\/candeebaar.ee\/et\/wp-json\/wp\/v2\/types\/product"}],"version-history":[{"count":1,"href":"https:\/\/candeebaar.ee\/et\/wp-json\/wp\/v2\/product\/5392\/revisions"}],"predecessor-version":[{"id":5393,"href":"https:\/\/candeebaar.ee\/et\/wp-json\/wp\/v2\/product\/5392\/revisions\/5393"}],"wp:featuredmedia":[{"embeddable":true,"href":"https:\/\/candeebaar.ee\/et\/wp-json\/wp\/v2\/media\/5394"}],"wp:attachment":[{"href":"https:\/\/candeebaar.ee\/et\/wp-json\/wp\/v2\/media?parent=5392"}],"wp:term":[{"taxonomy":"product_brand","embeddable":true,"href":"https:\/\/candeebaar.ee\/et\/wp-json\/wp\/v2\/product_brand?post=5392"},{"taxonomy":"product_cat","embeddable":true,"href":"https:\/\/candeebaar.ee\/et\/wp-json\/wp\/v2\/product_cat?post=5392"},{"taxonomy":"product_tag","embeddable":true,"href":"https:\/\/candeebaar.ee\/et\/wp-json\/wp\/v2\/product_tag?post=5392"}],"curies":[{"name":"t\u00f6\u00f6leht","href":"https:\/\/api.w.org\/{rel}","templated":true}]}}