{"id":5445,"date":"2024-12-31T20:09:53","date_gmt":"2024-12-31T20:09:53","guid":{"rendered":"https:\/\/storetest.ivi.ee\/product\/silicone-mold-owl\/"},"modified":"2025-12-05T13:41:24","modified_gmt":"2025-12-05T11:41:24","slug":"silikoonvormi-ookull","status":"publish","type":"product","link":"https:\/\/candeebaar.ee\/et\/pood\/silikoonvormi-ookull\/","title":{"rendered":"Silikoonist hallituse \u00f6\u00f6kull"},"content":{"rendered":"<p>Silikoonvorm kujundite loomiseks \u0161okolaadist, fondandist jne.<br \/>\nKasutustemperatuur: -40\u00b0 kuni 230\u00b0C<br \/>\nMaterjal: toidu silikoon<br \/>\nM\u00f5\u00f5dud: 55x50 mm<\/p>","protected":false},"excerpt":{"rendered":"<p>Silikoonvorm kujundite loomiseks \u0161okolaadist, fondandist jne. Kasutustemperatuur: -40\u00b0 kuni 230\u00b0C Materjal: toidusilikoon M\u00f5\u00f5dud: 55x50mm<\/p>","protected":false},"featured_media":5447,"template":"","meta":{"_seopress_robots_primary_cat":"","_seopress_titles_title":"","_seopress_titles_desc":"","_seopress_robots_index":""},"product_brand":[],"product_cat":[15,82,125],"product_tag":[],"class_list":{"0":"post-5445","1":"product","2":"type-product","3":"status-publish","4":"has-post-thumbnail","6":"product_cat-all-products","7":"product_cat-chocolate-molds","8":"product_cat-nature","10":"first","11":"instock","12":"taxable","13":"shipping-taxable","14":"purchasable","15":"product-type-simple"},"_links":{"self":[{"href":"https:\/\/candeebaar.ee\/et\/wp-json\/wp\/v2\/product\/5445","targetHints":{"allow":["GET"]}}],"collection":[{"href":"https:\/\/candeebaar.ee\/et\/wp-json\/wp\/v2\/product"}],"about":[{"href":"https:\/\/candeebaar.ee\/et\/wp-json\/wp\/v2\/types\/product"}],"version-history":[{"count":1,"href":"https:\/\/candeebaar.ee\/et\/wp-json\/wp\/v2\/product\/5445\/revisions"}],"predecessor-version":[{"id":5446,"href":"https:\/\/candeebaar.ee\/et\/wp-json\/wp\/v2\/product\/5445\/revisions\/5446"}],"wp:featuredmedia":[{"embeddable":true,"href":"https:\/\/candeebaar.ee\/et\/wp-json\/wp\/v2\/media\/5447"}],"wp:attachment":[{"href":"https:\/\/candeebaar.ee\/et\/wp-json\/wp\/v2\/media?parent=5445"}],"wp:term":[{"taxonomy":"product_brand","embeddable":true,"href":"https:\/\/candeebaar.ee\/et\/wp-json\/wp\/v2\/product_brand?post=5445"},{"taxonomy":"product_cat","embeddable":true,"href":"https:\/\/candeebaar.ee\/et\/wp-json\/wp\/v2\/product_cat?post=5445"},{"taxonomy":"product_tag","embeddable":true,"href":"https:\/\/candeebaar.ee\/et\/wp-json\/wp\/v2\/product_tag?post=5445"}],"curies":[{"name":"t\u00f6\u00f6leht","href":"https:\/\/api.w.org\/{rel}","templated":true}]}}