{"id":5458,"date":"2024-12-31T20:09:53","date_gmt":"2024-12-31T20:09:53","guid":{"rendered":"https:\/\/storetest.ivi.ee\/product\/cacao-mill-white-chocolate-29-7-400g\/"},"modified":"2025-01-02T09:14:28","modified_gmt":"2025-01-02T09:14:28","slug":"kakaoveski-valge-sokolaad-29-7-400g","status":"publish","type":"product","link":"https:\/\/candeebaar.ee\/et\/pood\/kakaoveski-valge-sokolaad-29-7-400g\/","title":{"rendered":"Cacao Milli valge \u0161okolaad (29.7%) 400g"},"content":{"rendered":"<p>Valge \u0161okolaad \u00f5rna kreemja maitsega.<br \/>\nVooluvus: 3\/5<br \/>\nKaal: 400g<br \/>\nSisu 100g kohta:<br \/>\nEnergia: 569,4 kcal\/2375,2 kJ<br \/>\nRasvad: 35,8 g<br \/>\nS\u00fcsivesikud (suhkur): 55,2g<br \/>\nValgud: 6,6 g<br \/>\nKakaosisaldus: 29,7%<br \/>\nKoostisosad: kakaov\u00f5i, suhkur, kooritud <strong>piima<\/strong>, E322 (letsitiin <strong>soja<\/strong>), vanilliin.<\/p>\n<p>Tootja: Natra Cacao, Hispaania<br \/>\nS\u00e4ilitustemperatuur: <strong>18 <\/strong>\u00b0<strong>C<br \/>\n<\/strong>V\u00f5ib sisaldada j\u00e4lgi <strong>piim, laktoos, soja ja p\u00e4hklid.<br \/>\n<\/strong><\/p>","protected":false},"excerpt":{"rendered":"<p>White chocolate with a delicate creamy flavor. Flowability: 3\/5 Mass: 400g Content per 100g: Energy: 569.4 kcal\/2375.2 kJ Fats: 35.8g Carbohydrates (sugar): 55.2g Proteins: 6.6g Cocoa content: 29.7% Composition: cocoa butter, sugar, skimmed milk, E322 (lecithin soy), vanillin. Manufacturer: Natra Cacao, Spain Storage temperature: 18 \u00b0C May contain traces of milk, lactose, soy, and nuts.<\/p>","protected":false},"featured_media":5460,"template":"","meta":{"_seopress_robots_primary_cat":"","_seopress_titles_title":"","_seopress_titles_desc":"","_seopress_robots_index":""},"product_brand":[],"product_cat":[15,111],"product_tag":[],"class_list":{"0":"post-5458","1":"product","2":"type-product","3":"status-publish","4":"has-post-thumbnail","6":"product_cat-all-products","7":"product_cat-cacao-mill","9":"first","10":"outofstock","11":"taxable","12":"shipping-taxable","13":"purchasable","14":"product-type-simple"},"_links":{"self":[{"href":"https:\/\/candeebaar.ee\/et\/wp-json\/wp\/v2\/product\/5458","targetHints":{"allow":["GET"]}}],"collection":[{"href":"https:\/\/candeebaar.ee\/et\/wp-json\/wp\/v2\/product"}],"about":[{"href":"https:\/\/candeebaar.ee\/et\/wp-json\/wp\/v2\/types\/product"}],"version-history":[{"count":1,"href":"https:\/\/candeebaar.ee\/et\/wp-json\/wp\/v2\/product\/5458\/revisions"}],"predecessor-version":[{"id":5459,"href":"https:\/\/candeebaar.ee\/et\/wp-json\/wp\/v2\/product\/5458\/revisions\/5459"}],"wp:featuredmedia":[{"embeddable":true,"href":"https:\/\/candeebaar.ee\/et\/wp-json\/wp\/v2\/media\/5460"}],"wp:attachment":[{"href":"https:\/\/candeebaar.ee\/et\/wp-json\/wp\/v2\/media?parent=5458"}],"wp:term":[{"taxonomy":"product_brand","embeddable":true,"href":"https:\/\/candeebaar.ee\/et\/wp-json\/wp\/v2\/product_brand?post=5458"},{"taxonomy":"product_cat","embeddable":true,"href":"https:\/\/candeebaar.ee\/et\/wp-json\/wp\/v2\/product_cat?post=5458"},{"taxonomy":"product_tag","embeddable":true,"href":"https:\/\/candeebaar.ee\/et\/wp-json\/wp\/v2\/product_tag?post=5458"}],"curies":[{"name":"t\u00f6\u00f6leht","href":"https:\/\/api.w.org\/{rel}","templated":true}]}}