{"id":5474,"date":"2024-12-31T20:09:53","date_gmt":"2024-12-31T20:09:53","guid":{"rendered":"https:\/\/storetest.ivi.ee\/product\/topper-happy-birthday-blue\/"},"modified":"2024-12-31T20:09:58","modified_gmt":"2024-12-31T20:09:58","slug":"topper-palju-onne-sunnipaevaks-sinine","status":"publish","type":"product","link":"https:\/\/candeebaar.ee\/et\/pood\/topper-palju-onne-sunnipaevaks-sinine\/","title":{"rendered":"Topper &quot;Palju \u00f5nne s\u00fcnnip\u00e4evaks&quot; Sinine"},"content":{"rendered":"<p>Plastikust kattekiht magustoitude, kimpude jms kaunistamiseks.<br \/>\nV\u00e4rv: sinine<\/p>","protected":false},"excerpt":{"rendered":"<p>Plastikust kattekiht magustoitude, kimpude jms kaunistamiseks. V\u00e4rvus: sinine<\/p>","protected":false},"featured_media":5476,"template":"","meta":{"_seopress_robots_primary_cat":"","_seopress_titles_title":"","_seopress_titles_desc":"","_seopress_robots_index":""},"product_brand":[],"product_cat":[15],"product_tag":[],"class_list":{"0":"post-5474","1":"product","2":"type-product","3":"status-publish","4":"has-post-thumbnail","6":"product_cat-all-products","8":"first","9":"instock","10":"taxable","11":"shipping-taxable","12":"purchasable","13":"product-type-simple"},"_links":{"self":[{"href":"https:\/\/candeebaar.ee\/et\/wp-json\/wp\/v2\/product\/5474","targetHints":{"allow":["GET"]}}],"collection":[{"href":"https:\/\/candeebaar.ee\/et\/wp-json\/wp\/v2\/product"}],"about":[{"href":"https:\/\/candeebaar.ee\/et\/wp-json\/wp\/v2\/types\/product"}],"version-history":[{"count":1,"href":"https:\/\/candeebaar.ee\/et\/wp-json\/wp\/v2\/product\/5474\/revisions"}],"predecessor-version":[{"id":5475,"href":"https:\/\/candeebaar.ee\/et\/wp-json\/wp\/v2\/product\/5474\/revisions\/5475"}],"wp:featuredmedia":[{"embeddable":true,"href":"https:\/\/candeebaar.ee\/et\/wp-json\/wp\/v2\/media\/5476"}],"wp:attachment":[{"href":"https:\/\/candeebaar.ee\/et\/wp-json\/wp\/v2\/media?parent=5474"}],"wp:term":[{"taxonomy":"product_brand","embeddable":true,"href":"https:\/\/candeebaar.ee\/et\/wp-json\/wp\/v2\/product_brand?post=5474"},{"taxonomy":"product_cat","embeddable":true,"href":"https:\/\/candeebaar.ee\/et\/wp-json\/wp\/v2\/product_cat?post=5474"},{"taxonomy":"product_tag","embeddable":true,"href":"https:\/\/candeebaar.ee\/et\/wp-json\/wp\/v2\/product_tag?post=5474"}],"curies":[{"name":"t\u00f6\u00f6leht","href":"https:\/\/api.w.org\/{rel}","templated":true}]}}