{"id":5507,"date":"2024-12-31T20:10:05","date_gmt":"2024-12-31T20:10:05","guid":{"rendered":"https:\/\/storetest.ivi.ee\/product\/raspberry-puree-ravifruit-1000g\/"},"modified":"2026-03-17T12:12:58","modified_gmt":"2026-03-17T10:12:58","slug":"vaarikapuree-ravifruit-1000g","status":"publish","type":"product","link":"https:\/\/candeebaar.ee\/et\/pood\/vaarikapuree-ravifruit-1000g\/","title":{"rendered":"Vaarikap\u00fcree Ravifruit 1000g"},"content":{"rendered":"<p>Looduslikest puuviljadest valmistatud puuviljap\u00fcree. Sobib suurep\u00e4raselt vahukookide, vahukommide, kreemide jms valmistamiseks.<br \/>\nKaal: 1000g<br \/>\nKoostisosad: Vaarikas 90% Suhkur 10%<br \/>\nEi sisalda maitselisandeid, v\u00e4rvaineid ega s\u00e4ilitusaineid.<br \/>\nHoida pimedas jahedas kohas.<br \/>\nK\u00f5lblikkusaeg: vaata pakendilt<br \/>\nTootja: Ravifruit France<\/p>\n<p><iframe src=\"\/\/www.youtube.com\/embed\/zjWpzJxaZic\" width=\"560\" height=\"314\" allowfullscreen=\"allowfullscreen\"><\/iframe><\/p>\n<p>&nbsp;<\/p>\n<p>&nbsp;<\/p>","protected":false},"excerpt":{"rendered":"<p>Looduslikest puuviljadest valmistatud puuviljap\u00fcree. Sobib suurep\u00e4raselt vahukookide, vahukommide, kreemide jms valmistamiseks. Mass: 1000g Koostis: Vaarikas 90% Suhkur 10% Ei sisalda maitselisandeid, v\u00e4rvaineid ega s\u00e4ilitusaineid. Hoida pimedas jahedas kohas. K\u00f5lblikkusaeg: vaata pakendilt Tootja: Ravifruit France &nbsp; &nbsp;<\/p>","protected":false},"featured_media":5509,"template":"","meta":{"_seopress_robots_primary_cat":"none","_seopress_titles_title":"","_seopress_titles_desc":"","_seopress_robots_index":""},"product_brand":[],"product_cat":[15,99],"product_tag":[],"class_list":{"0":"post-5507","1":"product","2":"type-product","3":"status-publish","4":"has-post-thumbnail","6":"product_cat-all-products","7":"product_cat-fruit-purees","9":"first","10":"outofstock","11":"taxable","12":"shipping-taxable","13":"purchasable","14":"product-type-simple"},"_links":{"self":[{"href":"https:\/\/candeebaar.ee\/et\/wp-json\/wp\/v2\/product\/5507","targetHints":{"allow":["GET"]}}],"collection":[{"href":"https:\/\/candeebaar.ee\/et\/wp-json\/wp\/v2\/product"}],"about":[{"href":"https:\/\/candeebaar.ee\/et\/wp-json\/wp\/v2\/types\/product"}],"version-history":[{"count":2,"href":"https:\/\/candeebaar.ee\/et\/wp-json\/wp\/v2\/product\/5507\/revisions"}],"predecessor-version":[{"id":15901,"href":"https:\/\/candeebaar.ee\/et\/wp-json\/wp\/v2\/product\/5507\/revisions\/15901"}],"wp:featuredmedia":[{"embeddable":true,"href":"https:\/\/candeebaar.ee\/et\/wp-json\/wp\/v2\/media\/5509"}],"wp:attachment":[{"href":"https:\/\/candeebaar.ee\/et\/wp-json\/wp\/v2\/media?parent=5507"}],"wp:term":[{"taxonomy":"product_brand","embeddable":true,"href":"https:\/\/candeebaar.ee\/et\/wp-json\/wp\/v2\/product_brand?post=5507"},{"taxonomy":"product_cat","embeddable":true,"href":"https:\/\/candeebaar.ee\/et\/wp-json\/wp\/v2\/product_cat?post=5507"},{"taxonomy":"product_tag","embeddable":true,"href":"https:\/\/candeebaar.ee\/et\/wp-json\/wp\/v2\/product_tag?post=5507"}],"curies":[{"name":"t\u00f6\u00f6leht","href":"https:\/\/api.w.org\/{rel}","templated":true}]}}