{"id":5510,"date":"2024-12-31T20:10:05","date_gmt":"2024-12-31T20:10:05","guid":{"rendered":"https:\/\/storetest.ivi.ee\/product\/freeze-spray-food-colours-400ml\/"},"modified":"2026-03-28T21:25:18","modified_gmt":"2026-03-28T19:25:18","slug":"kulmutussprei-toiduvarvid-400ml","status":"publish","type":"product","link":"https:\/\/candeebaar.ee\/et\/pood\/kulmutussprei-toiduvarvid-400ml\/","title":{"rendered":"Freeze Spray FOOD COLOURS 400ml"},"content":{"rendered":"<p>Sprei glasuuri, martsipani, \u0161okolaadi, kreemide k\u00fclmutamiseks.<br \/>\nV\u00f5imaldab dekoratiivsete elementide kiiret nakkumist.<br \/>\nMaht: 400 ml<br \/>\nRakendus:<br \/>\nPihustada 15-20 cm kauguselt, lasta kuivada.<br \/>\nHoiustamine:<br \/>\nMahuti surve all, hoida pimedas jahedas, lastele k\u00e4ttesaamatus kohas.<br \/>\nKoostisosad:<br \/>\nE943a, E944, E943b<br \/>\nTootja: Food Colours, Poola<\/p>","protected":false},"excerpt":{"rendered":"<p>K\u00fclmutussprei glasuuri, martsipani, \u0161okolaadi ja kreemide jaoks. V\u00f5imaldab dekoratiivelementide kiiret kleepumist. Maht: 400 ml Kasutamine: Pihustage 15-20 cm kauguselt, laske kuivada. S\u00e4ilitamine: Hoida r\u00f5hu all olevas anumas pimedas ja jahedas kohas, lastele k\u00e4ttesaamatus kohas. Koostis: E943a, E944, E943b Tootja: Toiduv\u00e4rvid, Poola<\/p>","protected":false},"featured_media":5512,"template":"","meta":{"_seopress_robots_primary_cat":"","_seopress_titles_title":"","_seopress_titles_desc":"","_seopress_robots_index":""},"product_brand":[],"product_cat":[181,180,15,100,82,84],"product_tag":[],"class_list":{"0":"post-5510","1":"product","2":"type-product","3":"status-publish","4":"has-post-thumbnail","6":"product_cat-christmas-new-year","7":"product_cat-wedding-products","8":"product_cat-all-products","9":"product_cat-thickeners","10":"product_cat-chocolate-molds","11":"product_cat-tools","13":"first","14":"instock","15":"taxable","16":"shipping-taxable","17":"purchasable","18":"product-type-simple"},"_links":{"self":[{"href":"https:\/\/candeebaar.ee\/et\/wp-json\/wp\/v2\/product\/5510","targetHints":{"allow":["GET"]}}],"collection":[{"href":"https:\/\/candeebaar.ee\/et\/wp-json\/wp\/v2\/product"}],"about":[{"href":"https:\/\/candeebaar.ee\/et\/wp-json\/wp\/v2\/types\/product"}],"version-history":[{"count":1,"href":"https:\/\/candeebaar.ee\/et\/wp-json\/wp\/v2\/product\/5510\/revisions"}],"predecessor-version":[{"id":5511,"href":"https:\/\/candeebaar.ee\/et\/wp-json\/wp\/v2\/product\/5510\/revisions\/5511"}],"wp:featuredmedia":[{"embeddable":true,"href":"https:\/\/candeebaar.ee\/et\/wp-json\/wp\/v2\/media\/5512"}],"wp:attachment":[{"href":"https:\/\/candeebaar.ee\/et\/wp-json\/wp\/v2\/media?parent=5510"}],"wp:term":[{"taxonomy":"product_brand","embeddable":true,"href":"https:\/\/candeebaar.ee\/et\/wp-json\/wp\/v2\/product_brand?post=5510"},{"taxonomy":"product_cat","embeddable":true,"href":"https:\/\/candeebaar.ee\/et\/wp-json\/wp\/v2\/product_cat?post=5510"},{"taxonomy":"product_tag","embeddable":true,"href":"https:\/\/candeebaar.ee\/et\/wp-json\/wp\/v2\/product_tag?post=5510"}],"curies":[{"name":"t\u00f6\u00f6leht","href":"https:\/\/api.w.org\/{rel}","templated":true}]}}