{"id":5515,"date":"2024-12-31T20:10:05","date_gmt":"2024-12-31T20:10:05","guid":{"rendered":"https:\/\/storetest.ivi.ee\/product\/topper-happy-birthday-heart\/"},"modified":"2025-12-30T01:38:24","modified_gmt":"2025-12-29T23:38:24","slug":"topper-palju-onne-sunnipaevaks-suda","status":"publish","type":"product","link":"https:\/\/candeebaar.ee\/et\/pood\/topper-palju-onne-sunnipaevaks-suda\/","title":{"rendered":"Topper &quot;Palju \u00f5nne s\u00fcnnip\u00e4evaks&quot; s\u00fcda"},"content":{"rendered":"<p>Plastikust kattekiht magustoitude, kimpude jms kaunistamiseks.<br \/>\nV\u00e4rvus: kuldne<\/p>","protected":false},"excerpt":{"rendered":"<p>Plastikust kattekiht magustoitude, kimpude jms kaunistamiseks. V\u00e4rvus: kuldne<\/p>","protected":false},"featured_media":5517,"template":"","meta":{"_seopress_robots_primary_cat":"","_seopress_titles_title":"","_seopress_titles_desc":"","_seopress_robots_index":""},"product_brand":[],"product_cat":[15,157],"product_tag":[],"class_list":{"0":"post-5515","1":"product","2":"type-product","3":"status-publish","4":"has-post-thumbnail","6":"product_cat-all-products","7":"product_cat-gold","9":"first","10":"instock","11":"taxable","12":"shipping-taxable","13":"purchasable","14":"product-type-simple"},"_links":{"self":[{"href":"https:\/\/candeebaar.ee\/et\/wp-json\/wp\/v2\/product\/5515","targetHints":{"allow":["GET"]}}],"collection":[{"href":"https:\/\/candeebaar.ee\/et\/wp-json\/wp\/v2\/product"}],"about":[{"href":"https:\/\/candeebaar.ee\/et\/wp-json\/wp\/v2\/types\/product"}],"version-history":[{"count":1,"href":"https:\/\/candeebaar.ee\/et\/wp-json\/wp\/v2\/product\/5515\/revisions"}],"predecessor-version":[{"id":5516,"href":"https:\/\/candeebaar.ee\/et\/wp-json\/wp\/v2\/product\/5515\/revisions\/5516"}],"wp:featuredmedia":[{"embeddable":true,"href":"https:\/\/candeebaar.ee\/et\/wp-json\/wp\/v2\/media\/5517"}],"wp:attachment":[{"href":"https:\/\/candeebaar.ee\/et\/wp-json\/wp\/v2\/media?parent=5515"}],"wp:term":[{"taxonomy":"product_brand","embeddable":true,"href":"https:\/\/candeebaar.ee\/et\/wp-json\/wp\/v2\/product_brand?post=5515"},{"taxonomy":"product_cat","embeddable":true,"href":"https:\/\/candeebaar.ee\/et\/wp-json\/wp\/v2\/product_cat?post=5515"},{"taxonomy":"product_tag","embeddable":true,"href":"https:\/\/candeebaar.ee\/et\/wp-json\/wp\/v2\/product_tag?post=5515"}],"curies":[{"name":"t\u00f6\u00f6leht","href":"https:\/\/api.w.org\/{rel}","templated":true}]}}