{"id":5539,"date":"2024-12-31T20:10:05","date_gmt":"2024-12-31T20:10:05","guid":{"rendered":"https:\/\/storetest.ivi.ee\/product\/pear-puree-1000g-naturens-skafferi\/"},"modified":"2026-04-06T14:34:10","modified_gmt":"2026-04-06T12:34:10","slug":"pirnipuree-1000g-naturens-skafferi","status":"publish","type":"product","link":"https:\/\/candeebaar.ee\/et\/pood\/pirnipuree-1000g-naturens-skafferi\/","title":{"rendered":"Pirnip\u00fcree 1000g Naturens Skafferi"},"content":{"rendered":"<p>Naturaalne pirnip\u00fcree. Sobib suurep\u00e4raselt vahukookide, vahukommide, kreemide jms valmistamiseks.<br \/>\nKaal: 1000g<br \/>\nKoostisosad: pirnip\u00fcree<br \/>\n100g sisaldab:<br \/>\n226kJ\/54cal<br \/>\nRasvad: 0,1 g<br \/>\nS\u00fcsivesikud: 12 g (11 g suhkrut)<br \/>\nValgud: 0,4 g<br \/>\nEi sisalda maitselisandeid, v\u00e4rvaineid ega s\u00e4ilitusaineid.<br \/>\nHoida pimedas jahedas kohas.<br \/>\nK\u00f5lblikkusaeg: vaata pakendilt<br \/>\nTootja: Naturens Skafferi Sweden<\/p>\n<p>22.04.2026<\/p>\n<p>&nbsp;<\/p>\n<p>&nbsp;<\/p>\n<p>&nbsp;<\/p>","protected":false},"excerpt":{"rendered":"<p>Naturaalne pirnip\u00fcree. Sobib ideaalselt vahukommide, kreemide jms valmistamiseks. Kaal: 1000 g Koostis: 100 g pirnip\u00fcreed sisaldab: 226 kJ\/54 kcal Rasvu: 0,1 g S\u00fcsivesikuid: 12 g (11 g suhkrut) Valke: 0,4 g Ei sisalda l\u00f5hna- ja maitseaineid, v\u00e4rvaineid ega s\u00e4ilitusaineid. Hoida pimedas ja jahedas kohas. S\u00e4ilivusaeg: vt pakendilt Tootja: Naturens Skafferi Rootsi 22.04.2026 &nbsp; &nbsp; &nbsp;<\/p>","protected":false},"featured_media":5541,"template":"","meta":{"_seopress_robots_primary_cat":"none","_seopress_titles_title":"","_seopress_titles_desc":"","_seopress_robots_index":""},"product_brand":[],"product_cat":[15,99,109],"product_tag":[],"class_list":{"0":"post-5539","1":"product","2":"type-product","3":"status-publish","4":"has-post-thumbnail","6":"product_cat-all-products","7":"product_cat-fruit-purees","8":"product_cat-sale","10":"first","11":"outofstock","12":"sale","13":"taxable","14":"shipping-taxable","15":"purchasable","16":"product-type-simple"},"_links":{"self":[{"href":"https:\/\/candeebaar.ee\/et\/wp-json\/wp\/v2\/product\/5539","targetHints":{"allow":["GET"]}}],"collection":[{"href":"https:\/\/candeebaar.ee\/et\/wp-json\/wp\/v2\/product"}],"about":[{"href":"https:\/\/candeebaar.ee\/et\/wp-json\/wp\/v2\/types\/product"}],"version-history":[{"count":3,"href":"https:\/\/candeebaar.ee\/et\/wp-json\/wp\/v2\/product\/5539\/revisions"}],"predecessor-version":[{"id":16227,"href":"https:\/\/candeebaar.ee\/et\/wp-json\/wp\/v2\/product\/5539\/revisions\/16227"}],"wp:featuredmedia":[{"embeddable":true,"href":"https:\/\/candeebaar.ee\/et\/wp-json\/wp\/v2\/media\/5541"}],"wp:attachment":[{"href":"https:\/\/candeebaar.ee\/et\/wp-json\/wp\/v2\/media?parent=5539"}],"wp:term":[{"taxonomy":"product_brand","embeddable":true,"href":"https:\/\/candeebaar.ee\/et\/wp-json\/wp\/v2\/product_brand?post=5539"},{"taxonomy":"product_cat","embeddable":true,"href":"https:\/\/candeebaar.ee\/et\/wp-json\/wp\/v2\/product_cat?post=5539"},{"taxonomy":"product_tag","embeddable":true,"href":"https:\/\/candeebaar.ee\/et\/wp-json\/wp\/v2\/product_tag?post=5539"}],"curies":[{"name":"t\u00f6\u00f6leht","href":"https:\/\/api.w.org\/{rel}","templated":true}]}}