{"id":5584,"date":"2024-12-31T20:10:18","date_gmt":"2024-12-31T20:10:18","guid":{"rendered":"https:\/\/storetest.ivi.ee\/product\/gel-food-coloring-clearly-pink-20g-food-colours\/"},"modified":"2025-10-21T07:51:43","modified_gmt":"2025-10-21T05:51:43","slug":"geeljas-toiduvarv-selgelt-roosa-20g-toiduvarve","status":"publish","type":"product","link":"https:\/\/candeebaar.ee\/et\/pood\/geeljas-toiduvarv-selgelt-roosa-20g-toiduvarve\/","title":{"rendered":"Geeltoiduv\u00e4rv Clearly Pink 20g Food Colors (15.12.2025)"},"content":{"rendered":"<p>Roosa k\u00f5rge kontsentratsiooniga toiduv\u00e4rv.<br \/>\nVeega lahjendatud, kasutatakse mustrite loomiseks ja kreemide, taigna v\u00e4rvimiseks ja muuks toiduks.<br \/>\nKoostis: gl\u00fckoosisiirup, E422, vesi, E122, l\u00f5hna- ja maitseained, E202, E330, E464.<br \/>\n*v\u00f5ib avaldada negatiivset m\u00f5ju laste aktiivsusele ja t\u00e4helepanuv\u00f5imele.<br \/>\nKaal: 20 g<br \/>\nTootja: Food Colours, Poola<\/p>","protected":false},"excerpt":{"rendered":"<p>Roosa k\u00f5rge kontsentratsiooniga toiduv\u00e4rv. Veega lahjendatud, kasutatakse mustrite loomiseks ja kreemide, taigna v\u00e4rvimiseks ja muuks toiduks. Koostis: gl\u00fckoosisiirup, E422, vesi, E122, l\u00f5hna- ja maitseained, E202, E330, E464. *v\u00f5ib avaldada negatiivset m\u00f5ju laste aktiivsusele ja t\u00e4helepanuv\u00f5imele. Mass: 20g Tootja: Food Colours, Poola<\/p>","protected":false},"featured_media":5566,"template":"","meta":{"_seopress_robots_primary_cat":"none","_seopress_titles_title":"","_seopress_titles_desc":"","_seopress_robots_index":""},"product_brand":[],"product_cat":[15,114,109],"product_tag":[],"class_list":{"0":"post-5584","1":"product","2":"type-product","3":"status-publish","4":"has-post-thumbnail","6":"product_cat-all-products","7":"product_cat-gel-water-soluble","8":"product_cat-sale","10":"first","11":"outofstock","12":"sale","13":"taxable","14":"shipping-taxable","15":"purchasable","16":"product-type-simple"},"_links":{"self":[{"href":"https:\/\/candeebaar.ee\/et\/wp-json\/wp\/v2\/product\/5584","targetHints":{"allow":["GET"]}}],"collection":[{"href":"https:\/\/candeebaar.ee\/et\/wp-json\/wp\/v2\/product"}],"about":[{"href":"https:\/\/candeebaar.ee\/et\/wp-json\/wp\/v2\/types\/product"}],"version-history":[{"count":2,"href":"https:\/\/candeebaar.ee\/et\/wp-json\/wp\/v2\/product\/5584\/revisions"}],"predecessor-version":[{"id":11949,"href":"https:\/\/candeebaar.ee\/et\/wp-json\/wp\/v2\/product\/5584\/revisions\/11949"}],"wp:featuredmedia":[{"embeddable":true,"href":"https:\/\/candeebaar.ee\/et\/wp-json\/wp\/v2\/media\/5566"}],"wp:attachment":[{"href":"https:\/\/candeebaar.ee\/et\/wp-json\/wp\/v2\/media?parent=5584"}],"wp:term":[{"taxonomy":"product_brand","embeddable":true,"href":"https:\/\/candeebaar.ee\/et\/wp-json\/wp\/v2\/product_brand?post=5584"},{"taxonomy":"product_cat","embeddable":true,"href":"https:\/\/candeebaar.ee\/et\/wp-json\/wp\/v2\/product_cat?post=5584"},{"taxonomy":"product_tag","embeddable":true,"href":"https:\/\/candeebaar.ee\/et\/wp-json\/wp\/v2\/product_tag?post=5584"}],"curies":[{"name":"t\u00f6\u00f6leht","href":"https:\/\/api.w.org\/{rel}","templated":true}]}}