{"id":5588,"date":"2024-12-31T20:10:18","date_gmt":"2024-12-31T20:10:18","guid":{"rendered":"https:\/\/storetest.ivi.ee\/product\/gel-food-coloring-purple-bliss-20g-food-colours\/"},"modified":"2025-04-23T08:17:38","modified_gmt":"2025-04-23T06:17:38","slug":"geeljas-toiduvarv-purple-bliss-20g-toiduvarvid","status":"publish","type":"product","link":"https:\/\/candeebaar.ee\/et\/pood\/geeljas-toiduvarv-purple-bliss-20g-toiduvarvid\/","title":{"rendered":"Geel-toiduv\u00e4rv Purple Bliss 20g Food Colors"},"content":{"rendered":"<p>Geel-toiduv\u00e4rv lilla k\u00f5rge kontsentratsiooniga.<br \/>\nVeega lahjendatud, kasutatakse mustrite loomiseks ja kreemide, taigna v\u00e4rvimiseks ja muuks toiduks.<br \/>\nKoostis: gl\u00fckoosisiirup, E422, vesi, E122, E133, l\u00f5hna- ja maitseained, E202, E330, E464.<br \/>\n*v\u00f5ib avaldada negatiivset m\u00f5ju laste aktiivsusele ja t\u00e4helepanuv\u00f5imele.<br \/>\nKaal: 20 g<br \/>\nTootja: Food Colours, Poola<\/p>","protected":false},"excerpt":{"rendered":"<p>Geel-toiduv\u00e4rv lilla k\u00f5rge kontsentratsiooniga. Veega lahjendatud, kasutatakse mustrite loomiseks ja kreemide, taigna v\u00e4rvimiseks ja muuks toiduks. Koostis: gl\u00fckoosisiirup, E422, vesi, E122, E133, l\u00f5hna- ja maitseained, E202, E330, E464. *v\u00f5ib avaldada negatiivset m\u00f5ju laste aktiivsusele ja t\u00e4helepanuv\u00f5imele. Mass: 20g Tootja: Food Colours, Poola<\/p>","protected":false},"featured_media":5568,"template":"","meta":{"_seopress_robots_primary_cat":"","_seopress_titles_title":"","_seopress_titles_desc":"","_seopress_robots_index":""},"product_brand":[],"product_cat":[15,114],"product_tag":[],"class_list":{"0":"post-5588","1":"product","2":"type-product","3":"status-publish","4":"has-post-thumbnail","6":"product_cat-all-products","7":"product_cat-gel-water-soluble","9":"first","10":"outofstock","11":"taxable","12":"shipping-taxable","13":"purchasable","14":"product-type-simple"},"_links":{"self":[{"href":"https:\/\/candeebaar.ee\/et\/wp-json\/wp\/v2\/product\/5588","targetHints":{"allow":["GET"]}}],"collection":[{"href":"https:\/\/candeebaar.ee\/et\/wp-json\/wp\/v2\/product"}],"about":[{"href":"https:\/\/candeebaar.ee\/et\/wp-json\/wp\/v2\/types\/product"}],"version-history":[{"count":1,"href":"https:\/\/candeebaar.ee\/et\/wp-json\/wp\/v2\/product\/5588\/revisions"}],"predecessor-version":[{"id":5589,"href":"https:\/\/candeebaar.ee\/et\/wp-json\/wp\/v2\/product\/5588\/revisions\/5589"}],"wp:featuredmedia":[{"embeddable":true,"href":"https:\/\/candeebaar.ee\/et\/wp-json\/wp\/v2\/media\/5568"}],"wp:attachment":[{"href":"https:\/\/candeebaar.ee\/et\/wp-json\/wp\/v2\/media?parent=5588"}],"wp:term":[{"taxonomy":"product_brand","embeddable":true,"href":"https:\/\/candeebaar.ee\/et\/wp-json\/wp\/v2\/product_brand?post=5588"},{"taxonomy":"product_cat","embeddable":true,"href":"https:\/\/candeebaar.ee\/et\/wp-json\/wp\/v2\/product_cat?post=5588"},{"taxonomy":"product_tag","embeddable":true,"href":"https:\/\/candeebaar.ee\/et\/wp-json\/wp\/v2\/product_tag?post=5588"}],"curies":[{"name":"t\u00f6\u00f6leht","href":"https:\/\/api.w.org\/{rel}","templated":true}]}}