{"id":5599,"date":"2024-12-31T20:10:18","date_gmt":"2024-12-31T20:10:18","guid":{"rendered":"https:\/\/storetest.ivi.ee\/product\/gel-food-coloring-starless-night-20g-food-colours\/"},"modified":"2025-01-02T19:10:22","modified_gmt":"2025-01-02T19:10:22","slug":"geeltoiduvarv-tahetu-oo-20g-toiduvarvid","status":"publish","type":"product","link":"https:\/\/candeebaar.ee\/et\/pood\/geeltoiduvarv-tahetu-oo-20g-toiduvarvid\/","title":{"rendered":"Geeljas toiduv\u00e4rv Starless Night 20g toiduv\u00e4rvid"},"content":{"rendered":"<p>K\u00f5rge kontsentratsiooniga must geeljas toiduv\u00e4rv.<br \/>\nLahjendatakse veega, kasutatakse mustrite loomiseks ja kreemide, taigna ja muude toiduainete v\u00e4rvimiseks.<br \/>\nKoostis: gl\u00fckoosisiirup, E422, vesi, E122, E155, E133, E172, l\u00f5hna- ja maitseained, E202, E330, E464.<br \/>\n*v\u00f5ib avaldada negatiivset m\u00f5ju laste aktiivsusele ja t\u00e4helepanuv\u00f5imele.<br \/>\nKaal: 20 g<br \/>\nTootja: Food Colours, Poola<\/p>","protected":false},"excerpt":{"rendered":"<p>High concentration black gel food coloring. Dilutes with water, used for creating patterns and coloring creams, dough, and other food purposes. Composition: glucose syrup, E422, water, E122, E155, E133, E172, flavoring agent, E202, E330, E464. *may have an adverse effect on activity and attention in children. Mass: 20g Manufacturer: Food Colours, Poland<\/p>","protected":false},"featured_media":5573,"template":"","meta":{"_seopress_robots_primary_cat":"","_seopress_titles_title":"","_seopress_titles_desc":"","_seopress_robots_index":""},"product_brand":[],"product_cat":[15,114],"product_tag":[],"class_list":{"0":"post-5599","1":"product","2":"type-product","3":"status-publish","4":"has-post-thumbnail","6":"product_cat-all-products","7":"product_cat-gel-water-soluble","9":"first","10":"outofstock","11":"taxable","12":"shipping-taxable","13":"purchasable","14":"product-type-simple"},"_links":{"self":[{"href":"https:\/\/candeebaar.ee\/et\/wp-json\/wp\/v2\/product\/5599","targetHints":{"allow":["GET"]}}],"collection":[{"href":"https:\/\/candeebaar.ee\/et\/wp-json\/wp\/v2\/product"}],"about":[{"href":"https:\/\/candeebaar.ee\/et\/wp-json\/wp\/v2\/types\/product"}],"version-history":[{"count":1,"href":"https:\/\/candeebaar.ee\/et\/wp-json\/wp\/v2\/product\/5599\/revisions"}],"predecessor-version":[{"id":5600,"href":"https:\/\/candeebaar.ee\/et\/wp-json\/wp\/v2\/product\/5599\/revisions\/5600"}],"wp:featuredmedia":[{"embeddable":true,"href":"https:\/\/candeebaar.ee\/et\/wp-json\/wp\/v2\/media\/5573"}],"wp:attachment":[{"href":"https:\/\/candeebaar.ee\/et\/wp-json\/wp\/v2\/media?parent=5599"}],"wp:term":[{"taxonomy":"product_brand","embeddable":true,"href":"https:\/\/candeebaar.ee\/et\/wp-json\/wp\/v2\/product_brand?post=5599"},{"taxonomy":"product_cat","embeddable":true,"href":"https:\/\/candeebaar.ee\/et\/wp-json\/wp\/v2\/product_cat?post=5599"},{"taxonomy":"product_tag","embeddable":true,"href":"https:\/\/candeebaar.ee\/et\/wp-json\/wp\/v2\/product_tag?post=5599"}],"curies":[{"name":"t\u00f6\u00f6leht","href":"https:\/\/api.w.org\/{rel}","templated":true}]}}