{"id":5608,"date":"2024-12-31T20:10:18","date_gmt":"2024-12-31T20:10:18","guid":{"rendered":"https:\/\/storetest.ivi.ee\/product\/food-printer-ink-100ml-blue-food-colours\/"},"modified":"2026-03-10T18:23:06","modified_gmt":"2026-03-10T16:23:06","slug":"toiduprinteri-tint-100ml-sinine-toiduvarvid","status":"publish","type":"product","link":"https:\/\/candeebaar.ee\/et\/pood\/toiduprinteri-tint-100ml-sinine-toiduvarvid\/","title":{"rendered":"Toiduprinteri tint 100ml Blue Food Colors"},"content":{"rendered":"<p>Tint toiduprinteritega (\u00fchildub Canoni ja EPSONiga).<br \/>\nKoostisosad: vesi, E422, l\u00f5hna- ja maitseained, E133, E202, E330.<br \/>\n*v\u00f5ib avaldada negatiivset m\u00f5ju laste aktiivsusele ja t\u00e4helepanuv\u00f5imele.<br \/>\nMaht: 100ml<br \/>\nHoida kuivas jahedas kohas.<br \/>\nKasutustemperatuur: 18-25\u00b0C<br \/>\nTootja: Food Colours, Poola<\/p>","protected":false},"excerpt":{"rendered":"<p>Toiduprinterite tint (\u00fchildub Canoni ja EPSONiga). Koostis: vesi, E422, l\u00f5hna- ja maitseained, E133, E202, E330. *v\u00f5ib avaldada negatiivset m\u00f5ju laste aktiivsusele ja t\u00e4helepanuv\u00f5imele. Kogus: 100 ml Hoida kuivas ja jahedas kohas. Kasutustemperatuur: 18\u201325 \u00b0C Tootja: Food Colours, Poola<\/p>","protected":false},"featured_media":5603,"template":"","meta":{"_seopress_robots_primary_cat":"none","_seopress_titles_title":"","_seopress_titles_desc":"","_seopress_robots_index":""},"product_brand":[],"product_cat":[15,105],"product_tag":[],"class_list":{"0":"post-5608","1":"product","2":"type-product","3":"status-publish","4":"has-post-thumbnail","6":"product_cat-all-products","7":"product_cat-edible-print","9":"first","10":"instock","11":"taxable","12":"shipping-taxable","13":"purchasable","14":"product-type-simple"},"_links":{"self":[{"href":"https:\/\/candeebaar.ee\/et\/wp-json\/wp\/v2\/product\/5608","targetHints":{"allow":["GET"]}}],"collection":[{"href":"https:\/\/candeebaar.ee\/et\/wp-json\/wp\/v2\/product"}],"about":[{"href":"https:\/\/candeebaar.ee\/et\/wp-json\/wp\/v2\/types\/product"}],"version-history":[{"count":2,"href":"https:\/\/candeebaar.ee\/et\/wp-json\/wp\/v2\/product\/5608\/revisions"}],"predecessor-version":[{"id":11868,"href":"https:\/\/candeebaar.ee\/et\/wp-json\/wp\/v2\/product\/5608\/revisions\/11868"}],"wp:featuredmedia":[{"embeddable":true,"href":"https:\/\/candeebaar.ee\/et\/wp-json\/wp\/v2\/media\/5603"}],"wp:attachment":[{"href":"https:\/\/candeebaar.ee\/et\/wp-json\/wp\/v2\/media?parent=5608"}],"wp:term":[{"taxonomy":"product_brand","embeddable":true,"href":"https:\/\/candeebaar.ee\/et\/wp-json\/wp\/v2\/product_brand?post=5608"},{"taxonomy":"product_cat","embeddable":true,"href":"https:\/\/candeebaar.ee\/et\/wp-json\/wp\/v2\/product_cat?post=5608"},{"taxonomy":"product_tag","embeddable":true,"href":"https:\/\/candeebaar.ee\/et\/wp-json\/wp\/v2\/product_tag?post=5608"}],"curies":[{"name":"t\u00f6\u00f6leht","href":"https:\/\/api.w.org\/{rel}","templated":true}]}}