{"id":5636,"date":"2024-12-31T20:10:25","date_gmt":"2024-12-31T20:10:25","guid":{"rendered":"https:\/\/storetest.ivi.ee\/product\/mold-for-mousse-dessert-delizia-al-limone-silikomart\/"},"modified":"2025-01-02T19:07:39","modified_gmt":"2025-01-02T19:07:39","slug":"vorm-mousse-magustoidu-jaoks-delizia-al-limone-silikomart","status":"publish","type":"product","link":"https:\/\/candeebaar.ee\/et\/pood\/vorm-mousse-magustoidu-jaoks-delizia-al-limone-silikomart\/","title":{"rendered":"Vorm mousse magustoidule \u201cDelizia al Limone\u201d Silikomart"},"content":{"rendered":"<p>Silikoonvorm mousse magustoitude jaoks.<br \/>\nSuurus: 85x59mm (k\u00f5rgus) 6 t\u00fckki<br \/>\nMaht: 106 ml x 6<br \/>\nT\u00f6\u00f6temperatuur: -60\u00b0C kuni +230\u00b0C. Sobib k\u00fcpsetamiseks ja k\u00fclmutamiseks.<br \/>\nTootja: Silikomart, Itaalia<\/p>","protected":false},"excerpt":{"rendered":"<p>Silikoonvorm vahukommide valmistamiseks. Suurus: 85x59mm (k\u00f5rgus) 6 tk. Maht: 106ml x 6. T\u00f6\u00f6temperatuur: -60\u00b0C kuni +230\u00b0C. Sobib k\u00fcpsetamiseks ja k\u00fclmutamiseks. Tootja: Silikomart, Itaalia.<\/p>","protected":false},"featured_media":5638,"template":"","meta":{"_seopress_robots_primary_cat":"","_seopress_titles_title":"","_seopress_titles_desc":"","_seopress_robots_index":""},"product_brand":[],"product_cat":[15,118,123,127],"product_tag":[],"class_list":{"0":"post-5636","1":"product","2":"type-product","3":"status-publish","4":"has-post-thumbnail","6":"product_cat-all-products","7":"product_cat-silicone-and-plastic","8":"product_cat-geometry","9":"product_cat-ornament","11":"first","12":"outofstock","13":"taxable","14":"shipping-taxable","15":"purchasable","16":"product-type-simple"},"_links":{"self":[{"href":"https:\/\/candeebaar.ee\/et\/wp-json\/wp\/v2\/product\/5636","targetHints":{"allow":["GET"]}}],"collection":[{"href":"https:\/\/candeebaar.ee\/et\/wp-json\/wp\/v2\/product"}],"about":[{"href":"https:\/\/candeebaar.ee\/et\/wp-json\/wp\/v2\/types\/product"}],"version-history":[{"count":1,"href":"https:\/\/candeebaar.ee\/et\/wp-json\/wp\/v2\/product\/5636\/revisions"}],"predecessor-version":[{"id":5637,"href":"https:\/\/candeebaar.ee\/et\/wp-json\/wp\/v2\/product\/5636\/revisions\/5637"}],"wp:featuredmedia":[{"embeddable":true,"href":"https:\/\/candeebaar.ee\/et\/wp-json\/wp\/v2\/media\/5638"}],"wp:attachment":[{"href":"https:\/\/candeebaar.ee\/et\/wp-json\/wp\/v2\/media?parent=5636"}],"wp:term":[{"taxonomy":"product_brand","embeddable":true,"href":"https:\/\/candeebaar.ee\/et\/wp-json\/wp\/v2\/product_brand?post=5636"},{"taxonomy":"product_cat","embeddable":true,"href":"https:\/\/candeebaar.ee\/et\/wp-json\/wp\/v2\/product_cat?post=5636"},{"taxonomy":"product_tag","embeddable":true,"href":"https:\/\/candeebaar.ee\/et\/wp-json\/wp\/v2\/product_tag?post=5636"}],"curies":[{"name":"t\u00f6\u00f6leht","href":"https:\/\/api.w.org\/{rel}","templated":true}]}}